{"id":5202,"date":"2024-10-07T21:58:11","date_gmt":"2024-10-07T21:58:11","guid":{"rendered":"https:\/\/lasvon.vn\/?post_type=product&#038;p=5202"},"modified":"2026-04-14T22:54:59","modified_gmt":"2026-04-14T22:54:59","slug":"lasvon-senstive-protect-broad-spectrum","status":"publish","type":"product","link":"https:\/\/lasvon.vn\/?product=lasvon-senstive-protect-broad-spectrum","title":{"rendered":"LASVON SENSTIVE PROTECT BROAD-SPECTRUM"},"content":{"rendered":"<p><span style=\"font-family: verdana, geneva;\"><strong>C\u00d4NG D\u1ee4NG:<\/strong><\/span><\/p>\n<p>Kem ch\u1ed1ng n\u1eafng ph\u1ed5 r\u1ed9ng d\u00e0nh cho da nh\u1ea1y c\u1ea3m \u2013 c\u00f4ng th\u1ee9c d\u1ecbu nh\u1eb9, l\u00e0nh t\u00ednh, ph\u00f9 h\u1ee3p c\u1ea3 l\u00e0n da \u0111ang g\u1eb7p v\u1ea5n \u0111\u1ec1. C\u00f4ng ngh\u1ec7 k\u1ebft h\u1ee3p b\u1ed9 l\u1ecdc v\u1eadt l\u00fd v\u00e0 ho\u00e1 h\u1ecdc gi\u00fap b\u1ea3o v\u1ec7 da t\u1ed1i \u01b0u kh\u1ecfi tia UVA\/UVB, HEV v\u00e0 IR-A. K\u1ebft c\u1ea5u kem m\u1ecfng nh\u1eb9, n\u00e2ng tone t\u1ef1 nhi\u00ean, th\u1ea5m nhanh, kh\u00f4ng g\u00e2y b\u00ed da. D\u01b0\u1ee1ng ch\u1ea5t gi\u00fap c\u1ea5p \u1ea9m, l\u00e0m d\u1ecbu da, h\u1ed7 tr\u1ee3 ph\u1ee5c h\u1ed3i v\u00e0 l\u00e0m \u0111\u1ec1u m\u00e0u da. S\u1ea3n ph\u1ea9m c\u00f3 kh\u1ea3 n\u0103ng ch\u1ed1ng tr\u00f4i, ch\u1ed1ng th\u1ea5m n\u01b0\u1edbc, b\u1ea3o v\u1ec7 da hi\u1ec7u qu\u1ea3 su\u1ed1t c\u1ea3 ng\u00e0y d\u00e0i.<\/p>\n<p><span style=\"font-family: verdana, geneva;\">&#8212;&#8212;&#8212;&#8212;&#8212;&#8212;&#8212;&#8212;&#8212;&#8212;&#8212;&#8212;&#8212;&#8212;&#8212;&#8212;&#8212;&#8212;&#8212;&#8212;&#8212;-<\/span><\/p>\n<p><span style=\"font-family: verdana, geneva;\"><strong>H\u01af\u1edaNG D\u1eaaN S\u1eec D\u1ee4NG:<\/strong><\/span><\/p>\n<p><span style=\"font-family: Montserrat;\">Thoa kem ch\u1ed1ng n\u1eafng tr\u01b0\u1edbc 15 ph\u00fat tr\u01b0\u1edbc khi ra n\u1eafng v\u00e0 khi c\u1ea7n thi\u1ebft. N\u00ean thoa l\u1ea1i sau 2 ti\u1ebfng n\u1ebfu \u0111\u1ed5 m\u1ed3 h\u00f4i nhi\u1ec1u.<\/span><\/p>\n","protected":false},"excerpt":{"rendered":"<p><strong>KEM CH\u1ed0NG N\u1eaeNG CHO DA NH\u1ea0Y C\u1ea2M<\/strong><\/p>\n","protected":false},"featured_media":5367,"comment_status":"open","ping_status":"closed","template":"","meta":[],"product_cat":[78,87,79,84,77,62],"product_tag":[110,147,142,105,146,144,145,123,143],"class_list":{"0":"post-5202","1":"product","2":"type-product","3":"status-publish","4":"has-post-thumbnail","6":"product_cat-chong-nang","7":"product_cat-chong-nang-cham-soc-da-chuyen-sau","8":"product_cat-kem-duong-trang","9":"product_cat-trang-diem","10":"product_cat-uu-dai","11":"product_cat-san-pham-cham-soc","12":"product_tag-broad-spectrum","13":"product_tag-chong-nang-khang-nuoc","14":"product_tag-da-nhay-cam","15":"product_tag-kem-chong-nang","16":"product_tag-kem-nen","17":"product_tag-protection","18":"product_tag-senstive-protect","19":"product_tag-suncream","20":"product_tag-uv-suncrean","22":"first","23":"instock","24":"shipping-taxable","25":"product-type-simple"},"_links":{"self":[{"href":"https:\/\/lasvon.vn\/index.php?rest_route=\/wp\/v2\/product\/5202","targetHints":{"allow":["GET"]}}],"collection":[{"href":"https:\/\/lasvon.vn\/index.php?rest_route=\/wp\/v2\/product"}],"about":[{"href":"https:\/\/lasvon.vn\/index.php?rest_route=\/wp\/v2\/types\/product"}],"replies":[{"embeddable":true,"href":"https:\/\/lasvon.vn\/index.php?rest_route=%2Fwp%2Fv2%2Fcomments&post=5202"}],"wp:featuredmedia":[{"embeddable":true,"href":"https:\/\/lasvon.vn\/index.php?rest_route=\/wp\/v2\/media\/5367"}],"wp:attachment":[{"href":"https:\/\/lasvon.vn\/index.php?rest_route=%2Fwp%2Fv2%2Fmedia&parent=5202"}],"wp:term":[{"taxonomy":"product_cat","embeddable":true,"href":"https:\/\/lasvon.vn\/index.php?rest_route=%2Fwp%2Fv2%2Fproduct_cat&post=5202"},{"taxonomy":"product_tag","embeddable":true,"href":"https:\/\/lasvon.vn\/index.php?rest_route=%2Fwp%2Fv2%2Fproduct_tag&post=5202"}],"curies":[{"name":"wp","href":"https:\/\/api.w.org\/{rel}","templated":true}]}}