{"id":4636,"date":"2024-02-03T11:18:37","date_gmt":"2024-02-03T11:18:37","guid":{"rendered":"https:\/\/lasvon.vn\/?product=lasvon-collagen-ampoule-mask"},"modified":"2026-04-02T17:52:49","modified_gmt":"2026-04-02T17:52:49","slug":"lasvon-collagen-ampoule-mask","status":"publish","type":"product","link":"https:\/\/lasvon.vn\/?product=lasvon-collagen-ampoule-mask","title":{"rendered":"LASVON COLLAGEN AMPOULE MASK"},"content":{"rendered":"<p><strong>C\u00d4NG D\u1ee4NG:<\/strong><\/p>\n<ul>\n<li>S\u1ea3n ph\u1ea9m ch\u1ee9a Collagen Peptide, h\u1ed7 tr\u1ee3 chu tr\u00ecnh d\u01b0\u1ee1ng da t\u00e1i t\u1ea1o da t\u1ef1 nhi\u00ean, gi\u00fap c\u1ea3i thi\u1ec7n \u0111\u1ed9 \u0111\u00e0n h\u1ed3i v\u00e0 k\u1ebft c\u1ea5u b\u1ec1 m\u1eb7t da. C\u00f4ng th\u1ee9c d\u01b0\u1ee1ng \u1ea9m chuy\u00ean s\u00e2u gi\u00fap l\u00e0n da lu\u00f4n ng\u1eadm n\u01b0\u1edbc, m\u1ec1m m\u1ea1i v\u00e0 t\u01b0\u01a1i t\u1eafn. H\u1ed7 tr\u1ee3 l\u00e0m d\u1ecbu da v\u00e0 c\u1ea3i thi\u1ec7n v\u1ebb ngo\u00e0i kh\u00f4ng \u0111\u1ec1u m\u00e0u<\/li>\n<li>Ph\u00f9 h\u1ee3p cho l\u00e0n da d\u1ea7u, d\u1ec5 n\u1ed5i m\u1ee5n ho\u1eb7c d\u1ec5 b\u1ecb t\u00e1c \u0111\u1ed9ng b\u1edfi y\u1ebfu t\u1ed1 m\u00f4i tr\u01b0\u1eddng, g\u00f3p ph\u1ea7n l\u00e0m d\u1ecbu da v\u00e0 h\u1ed7 tr\u1ee3 c\u1ea3i thi\u1ec7n v\u1ebb ngo\u00e0i kh\u00f4ng \u0111\u1ec1u m\u00e0u.<\/li>\n<\/ul>\n<p>&#8212;&#8212;&#8212;&#8212;&#8212;&#8212;&#8212;&#8212;&#8212;&#8212;&#8212;&#8212;&#8212;&#8212;&#8212;&#8212;&#8212;&#8212;&#8212;&#8212;&#8212;-<\/p>\n<p><strong>H\u01af\u1edaNG D\u1eaaN S\u1eec D\u1ee4NG:<br \/>\n<\/strong>Sau khi r\u1eeda m\u1eb7t s\u1ea1ch v\u00e0 lau kh\u00f4, l\u1ea5y m\u1ed9t mi\u1ebfng m\u1eb7t n\u1ea1 \u0111\u1eafp l\u00ean m\u1eb7t, tr\u00e1nh v\u00f9ng m\u1eaft v\u00e0 mi\u1ec7ng.<\/p>\n<p>\u0110\u1ec3 \u00edt nh\u1ea5t 10-20 ph\u00fat tr\u01b0\u1edbc khi g\u1ee1 b\u1ecf, nh\u1eb9 nh\u00e0ng massge huy\u1ebft thanh c\u00f2n s\u00f3t l\u1ea1i cho t\u1edbi khi n\u00f3 \u0111\u01b0\u1ee3c h\u1ea5p th\u1ee5 ho\u00e0n to\u00e0n.<\/p>\n<p>\u0110\u1ec3 t\u0103ng hi\u1ec7u qu\u1ea3 l\u00e0m d\u1ecbu da k\u00edch \u1ee9ng, c\u00f3 th\u1ec3 l\u00e0m l\u1ea1nh b\u1eb1ng c\u00e1ch \u0111\u1ec3 trong t\u1ee7 l\u1ea1nh tr\u01b0\u1edbc khi s\u1eed d\u1ee5ng.<\/p>\n","protected":false},"excerpt":{"rendered":"<p><strong>M\u1eb6T N\u1ea0 CAO C\u1ea4P TINH CH\u1ea4T COLLAGEN<\/strong><\/p>\n","protected":false},"featured_media":5513,"comment_status":"open","ping_status":"closed","template":"","meta":[],"product_cat":[80,89,90,88,86,77,63],"product_tag":[117,98,114,116,96,115],"class_list":{"0":"post-4636","1":"product","2":"type-product","3":"status-publish","4":"has-post-thumbnail","6":"product_cat-cham-soc-da-mun","7":"product_cat-dieu-tri-mun","8":"product_cat-ho-tro-duong-sang-mo-sam-nam","9":"product_cat-ho-tro-ngan-ngua-lao-hoa","10":"product_cat-mat-na","11":"product_cat-uu-dai","12":"product_cat-cham-soc-da-chuyen-sau","13":"product_tag-ampoule","14":"product_tag-collagen","15":"product_tag-collagen-mask","16":"product_tag-intensive-melasma","17":"product_tag-lasvon","18":"product_tag-skin-care","20":"first","21":"instock","22":"shipping-taxable","23":"product-type-simple"},"_links":{"self":[{"href":"https:\/\/lasvon.vn\/index.php?rest_route=\/wp\/v2\/product\/4636","targetHints":{"allow":["GET"]}}],"collection":[{"href":"https:\/\/lasvon.vn\/index.php?rest_route=\/wp\/v2\/product"}],"about":[{"href":"https:\/\/lasvon.vn\/index.php?rest_route=\/wp\/v2\/types\/product"}],"replies":[{"embeddable":true,"href":"https:\/\/lasvon.vn\/index.php?rest_route=%2Fwp%2Fv2%2Fcomments&post=4636"}],"wp:featuredmedia":[{"embeddable":true,"href":"https:\/\/lasvon.vn\/index.php?rest_route=\/wp\/v2\/media\/5513"}],"wp:attachment":[{"href":"https:\/\/lasvon.vn\/index.php?rest_route=%2Fwp%2Fv2%2Fmedia&parent=4636"}],"wp:term":[{"taxonomy":"product_cat","embeddable":true,"href":"https:\/\/lasvon.vn\/index.php?rest_route=%2Fwp%2Fv2%2Fproduct_cat&post=4636"},{"taxonomy":"product_tag","embeddable":true,"href":"https:\/\/lasvon.vn\/index.php?rest_route=%2Fwp%2Fv2%2Fproduct_tag&post=4636"}],"curies":[{"name":"wp","href":"https:\/\/api.w.org\/{rel}","templated":true}]}}