{"id":4632,"date":"2024-02-03T11:18:33","date_gmt":"2024-02-03T11:18:33","guid":{"rendered":"https:\/\/lasvon.vn\/?product=lasvon-uv-sheer-broad-spectrum-2"},"modified":"2026-04-14T22:55:14","modified_gmt":"2026-04-14T22:55:14","slug":"lasvon-uv-sheer-broad-spectrum-2","status":"publish","type":"product","link":"https:\/\/lasvon.vn\/?product=lasvon-uv-sheer-broad-spectrum-2","title":{"rendered":"LASVON UV-SHEER BROAD-SPECTRUM"},"content":{"rendered":"<p><strong>C\u00d4NG D\u1ee4NG:<\/strong><\/p>\n<ul>\n<li>S\u1ea3n ph\u1ea9m ch\u1ed1ng n\u1eafng ph\u1ed5 r\u1ed9ng gi\u00fap b\u1ea3o v\u1ec7 da hi\u1ec7u qu\u1ea3 tr\u01b0\u1edbc tia UVA\/UVB.<\/li>\n<li>C\u00f4ng th\u1ee9c c\u1ea3i ti\u1ebfn k\u1ebft h\u1ee3p b\u1ed9 \u0111\u00f4i m\u00e0ng l\u1ecdc ch\u1ed1ng n\u1eafng v\u1eadt l\u00fd v\u00e0 h\u00f3a h\u1ecdc gi\u00fap s\u1ea3n ph\u1ea9m d\u1ec5 d\u00e0ng th\u1ea9m th\u1ea5u, lan \u0111\u1ec1u tr\u00ean da, mang l\u1ea1i c\u1ea3m gi\u00e1c kh\u00f4 tho\u00e1ng, nh\u1eb9 m\u1eb7t v\u00e0 kh\u00f4ng g\u00e2y b\u00edt t\u1eafc l\u1ed7 ch\u00e2n l\u00f4ng.<\/li>\n<li>B\u1ed5 sung c\u00e1c vitamin v\u00e0 ho\u1ea1t ch\u1ea5t d\u01b0\u1ee1ng da h\u1ed7 tr\u1ee3 l\u00e0m s\u00e1ng, \u0111\u1ec1u m\u00e0u v\u00e0 c\u1ea5p \u1ea9m chuy\u00ean s\u00e2u.<\/li>\n<li>Th\u00edch h\u1ee3p s\u1eed d\u1ee5ng cho l\u00e0n da nh\u1ea1y c\u1ea3m ho\u1eb7c da \u0111ang trong giai \u0111o\u1ea1n c\u1ea7n ch\u0103m s\u00f3c \u0111\u1eb7c bi\u1ec7t.<\/li>\n<\/ul>\n<p>&#8212;&#8212;&#8212;&#8212;&#8212;&#8212;&#8212;&#8212;&#8212;&#8212;&#8212;&#8212;&#8212;&#8212;&#8212;&#8212;&#8212;&#8212;&#8212;&#8212;&#8212;-<\/p>\n<p><strong>H\u01af\u1edaNG D\u1eaaN S\u1eec D\u1ee4NG:<br \/>\n<\/strong>Thoa m\u1ed9t l\u01b0\u1ee3ng kem v\u1eeba \u0111\u1ee7 l\u00ean v\u00f9ng da c\u1ea7n ch\u1ed1ng n\u1eafng, nh\u1eb9 nh\u00e0ng massage cho kem ph\u1ee7 \u0111\u1ec1u. Thoa tr\u01b0\u1edbc khi ra n\u1eafng 15 ph\u00fat, n\u00ean thoa l\u1ea1i sau 2 gi\u1edd n\u1ebfu \u0111\u1ed5 m\u1ed3 h\u00f4i nhi\u1ec1u.<\/p>\n","protected":false},"excerpt":{"rendered":"<p><strong>KEM CH\u1ed0NG N\u1eaeNG CAO C\u1ea4P H\u1ed6 TR\u1ee2 NG\u0102N NG\u1eeaA T\u0102NG S\u1eaeC T\u1ed0<\/strong><\/p>\n","protected":false},"featured_media":5742,"comment_status":"open","ping_status":"closed","template":"","meta":[],"product_cat":[87],"product_tag":[110,105,108],"class_list":{"0":"post-4632","1":"product","2":"type-product","3":"status-publish","4":"has-post-thumbnail","6":"product_cat-chong-nang-cham-soc-da-chuyen-sau","7":"product_tag-broad-spectrum","8":"product_tag-kem-chong-nang","9":"product_tag-sun-cream","11":"first","12":"instock","13":"shipping-taxable","14":"product-type-simple"},"_links":{"self":[{"href":"https:\/\/lasvon.vn\/index.php?rest_route=\/wp\/v2\/product\/4632","targetHints":{"allow":["GET"]}}],"collection":[{"href":"https:\/\/lasvon.vn\/index.php?rest_route=\/wp\/v2\/product"}],"about":[{"href":"https:\/\/lasvon.vn\/index.php?rest_route=\/wp\/v2\/types\/product"}],"replies":[{"embeddable":true,"href":"https:\/\/lasvon.vn\/index.php?rest_route=%2Fwp%2Fv2%2Fcomments&post=4632"}],"wp:featuredmedia":[{"embeddable":true,"href":"https:\/\/lasvon.vn\/index.php?rest_route=\/wp\/v2\/media\/5742"}],"wp:attachment":[{"href":"https:\/\/lasvon.vn\/index.php?rest_route=%2Fwp%2Fv2%2Fmedia&parent=4632"}],"wp:term":[{"taxonomy":"product_cat","embeddable":true,"href":"https:\/\/lasvon.vn\/index.php?rest_route=%2Fwp%2Fv2%2Fproduct_cat&post=4632"},{"taxonomy":"product_tag","embeddable":true,"href":"https:\/\/lasvon.vn\/index.php?rest_route=%2Fwp%2Fv2%2Fproduct_tag&post=4632"}],"curies":[{"name":"wp","href":"https:\/\/api.w.org\/{rel}","templated":true}]}}