{"id":4631,"date":"2024-02-03T11:18:33","date_gmt":"2024-02-03T11:18:33","guid":{"rendered":"https:\/\/lasvon.vn\/?product=lasvon-collagen-peptide-complex"},"modified":"2026-04-02T17:53:15","modified_gmt":"2026-04-02T17:53:15","slug":"lasvon-collagen-peptide-complex","status":"publish","type":"product","link":"https:\/\/lasvon.vn\/?product=lasvon-collagen-peptide-complex","title":{"rendered":"LASVON COLLAGEN PEPTIDE COMPLEX"},"content":{"rendered":"<p><strong>C\u00d4NG D\u1ee4NG: <\/strong><\/p>\n<p>V\u1edbi th\u00e0nh ph\u1ea7n ch\u1ee9a Collagen th\u1ef1c v\u1eadt ph\u00e2n t\u1eed th\u1ea5p, d\u1ec5 d\u00e0ng th\u1ea9m th\u1ea5u, k\u1ebft h\u1ee3p c\u00f9ng 3 lo\u1ea1i ph\u1ee9c h\u1ee3p Peptide, 7 lo\u1ea1i Axit Hyaluronic v\u00e0 Vitamin B5, s\u1ea3n ph\u1ea9m gi\u00fap c\u1ea3i thi\u1ec7n l\u00e0n da ch\u1ecbu t\u00e1c \u0111\u1ed9ng t\u1eeb m\u00f4i tr\u01b0\u1eddng, h\u1ed7 tr\u1ee3 duy tr\u00ec \u0111\u1ed9 \u1ea9m, \u0111\u1ed9 \u0111\u00e0n h\u1ed3i v\u00e0 l\u00e0n da \u0111\u1ec1u m\u00e0u. C\u00e1c chi\u1ebft xu\u1ea5t thi\u00ean nhi\u00ean gi\u00fap l\u00e0n da th\u00eam r\u1ea1ng r\u1ee1, m\u1ec1m m\u1ea1i v\u00e0 s\u00e1ng kh\u1ecfe. S\u1ef1 k\u1ebft h\u1ee3p tinh t\u1ebf trong c\u00f4ng th\u1ee9c mang \u0111\u1ebfn tr\u1ea3i nghi\u1ec7m ch\u0103m s\u00f3c da chuy\u00ean s\u00e2u, nu\u00f4i d\u01b0\u1ee1ng l\u00e0n da m\u1ed7i ng\u00e0y.<\/p>\n<p>&#8212;&#8212;&#8212;&#8212;&#8212;&#8212;&#8212;&#8212;&#8212;&#8212;&#8212;&#8212;&#8212;&#8212;&#8212;&#8212;&#8212;&#8212;&#8212;&#8212;&#8212;-<\/p>\n<p><strong style=\"font-size: inherit;\">H\u01af\u1edaNG D\u1eaaN S\u1eec D\u1ee4NG:<\/strong><\/p>\n<p>Sau khi l\u00e0m s\u1ea1ch, l\u1ea5y m\u1ed9t l\u01b0\u1ee3ng tinh ch\u1ea5t serum v\u1eeba \u0111\u1ee7, thoa nh\u1eb9 nh\u00e0ng l\u00ean b\u1ec1 m\u1eb7t da cho th\u1ea9m th\u1ea5u , thoa nhi\u1ec3u h\u01a1n t\u1ea1i v\u00f9ng da b\u1ecb s\u1ea1m n\u00e1m, l\u00e3o h\u00f3a v\u00e0 c\u00f3 nhi\u1ec1u n\u1ebfp nh\u0103n.<\/p>\n","protected":false},"excerpt":{"rendered":"<p><strong>TINH CH\u1ea4T SERUM COLLAGEN<\/strong><\/p>\n","protected":false},"featured_media":5572,"comment_status":"open","ping_status":"closed","template":"","meta":[],"product_cat":[91],"product_tag":[98,96,101,104,103],"class_list":{"0":"post-4631","1":"product","2":"type-product","3":"status-publish","4":"has-post-thumbnail","6":"product_cat-serum-tinh-chat","7":"product_tag-collagen","8":"product_tag-lasvon","9":"product_tag-melasma","10":"product_tag-peptide-complex","11":"product_tag-tinh-chat","13":"first","14":"instock","15":"shipping-taxable","16":"product-type-simple"},"_links":{"self":[{"href":"https:\/\/lasvon.vn\/index.php?rest_route=\/wp\/v2\/product\/4631","targetHints":{"allow":["GET"]}}],"collection":[{"href":"https:\/\/lasvon.vn\/index.php?rest_route=\/wp\/v2\/product"}],"about":[{"href":"https:\/\/lasvon.vn\/index.php?rest_route=\/wp\/v2\/types\/product"}],"replies":[{"embeddable":true,"href":"https:\/\/lasvon.vn\/index.php?rest_route=%2Fwp%2Fv2%2Fcomments&post=4631"}],"wp:featuredmedia":[{"embeddable":true,"href":"https:\/\/lasvon.vn\/index.php?rest_route=\/wp\/v2\/media\/5572"}],"wp:attachment":[{"href":"https:\/\/lasvon.vn\/index.php?rest_route=%2Fwp%2Fv2%2Fmedia&parent=4631"}],"wp:term":[{"taxonomy":"product_cat","embeddable":true,"href":"https:\/\/lasvon.vn\/index.php?rest_route=%2Fwp%2Fv2%2Fproduct_cat&post=4631"},{"taxonomy":"product_tag","embeddable":true,"href":"https:\/\/lasvon.vn\/index.php?rest_route=%2Fwp%2Fv2%2Fproduct_tag&post=4631"}],"curies":[{"name":"wp","href":"https:\/\/api.w.org\/{rel}","templated":true}]}}