{"id":4629,"date":"2024-02-03T11:18:31","date_gmt":"2024-02-03T11:18:31","guid":{"rendered":"https:\/\/lasvon.vn\/?product=collagen-intesive-repair-melasma-night-cream"},"modified":"2026-04-14T22:53:13","modified_gmt":"2026-04-14T22:53:13","slug":"collagen-intesive-repair-melasma-night-cream","status":"publish","type":"product","link":"https:\/\/lasvon.vn\/?product=collagen-intesive-repair-melasma-night-cream","title":{"rendered":"LASVON COLLAGEN INTENSIVE REPAIR MELASMA NIGHT CREAM (TH\u1ec2 NH\u1eb8)"},"content":{"rendered":"<p><strong>C\u00d4NG D\u1ee4NG:<\/strong><\/p>\n<p data-start=\"250\" data-end=\"432\">\u1ee8ng d\u1ee5ng c\u00f4ng th\u1ee9c chuy\u00ean bi\u1ec7t gi\u00fap h\u1ed7 tr\u1ee3 c\u00e2n b\u1eb1ng s\u1eafc t\u1ed1 da, g\u00f3p ph\u1ea7n l\u00e0m s\u00e1ng v\u00e0 c\u1ea3i thi\u1ec7n v\u00f9ng da s\u1ea1m m\u00e0u, kh\u00f4ng \u0111\u1ec1u m\u00e0u, bao g\u1ed3m c\u00e1c t\u00ecnh tr\u1ea1ng nh\u01b0 \u0111\u1ed1m n\u00e2u v\u00e0 t\u00e0n nhang.<\/p>\n<p data-start=\"434\" data-end=\"649\">Th\u00fac \u0111\u1ea9y qu\u00e1 tr\u00ecnh t\u00e1i t\u1ea1o da t\u1ef1 nhi\u00ean, \u0111\u1ed3ng th\u1eddi k\u00edch th\u00edch s\u1ea3n sinh collagen, gi\u00fap nu\u00f4i d\u01b0\u1ee1ng l\u00e0n da kh\u1ecfe m\u1ea1nh t\u1eeb b\u00ean trong, n\u00e2ng cao \u0111\u1ed9 \u0111\u00e0n h\u1ed3i, c\u1ea3i thi\u1ec7n \u0111\u1ed9 s\u0103n ch\u1eafc v\u00e0 h\u1ed7 tr\u1ee3 thu nh\u1ecf l\u1ed7 ch\u00e2n l\u00f4ng.<\/p>\n<p data-start=\"651\" data-end=\"719\">Mang \u0111\u1ebfn l\u00e0n da r\u1ea1ng r\u1ee1, m\u1ecbn m\u00e0ng v\u00e0 tr\u00e0n \u0111\u1ea7y s\u1ee9c s\u1ed1ng nh\u01b0 mong \u0111\u1ee3i.<\/p>\n<p>&#8212;&#8212;&#8212;&#8212;&#8212;&#8212;&#8212;&#8212;&#8212;&#8212;&#8212;&#8212;&#8212;&#8212;&#8212;&#8212;&#8212;&#8212;&#8212;&#8212;&#8212;-<\/p>\n<p><strong>H\u01af\u1edaNG D\u1eaaN S\u1eec D\u1ee4NG:<\/strong><\/p>\n<p>S\u1eed d\u1ee5ng sau c\u00e1c b\u01b0\u1edbc l\u00e0m s\u1ea1ch, l\u1ea5y m\u1ed9t l\u01b0\u1ee3ng kem v\u1eeba \u0111\u1ee7, ch\u1ea5m \u0111\u1ec1u l\u00ean 5 \u0111i\u1ec3m tr\u00ean m\u1eb7t l\u00e0 tr\u00e1n \u2013 c\u1eb1m \u2013 m\u0169i v\u00e0 2 b\u00ean m\u00e1, massage \u0111\u1ec1u cho kem th\u1ea9m th\u1ea5u.<\/p>\n","protected":false},"excerpt":{"rendered":"<p><strong>KEM COLLAGEN H\u1ed6 TR\u1ee2 M\u1edc S\u1ea0M N\u00c1M \u2013 D\u01af\u1ee0NG S\u00c1NG DA CHUY\u00caN S\u00c2U BAN \u0110\u00caM (TH\u1ec2 NH\u1eb8)<\/strong><\/p>\n","protected":false},"featured_media":5469,"comment_status":"open","ping_status":"closed","template":"","meta":[],"product_cat":[90,88],"product_tag":[98,96,101,100,102],"class_list":{"0":"post-4629","1":"product","2":"type-product","3":"status-publish","4":"has-post-thumbnail","6":"product_cat-ho-tro-duong-sang-mo-sam-nam","7":"product_cat-ho-tro-ngan-ngua-lao-hoa","8":"product_tag-collagen","9":"product_tag-lasvon","10":"product_tag-melasma","11":"product_tag-night-cream","12":"product_tag-repair-melasma","14":"first","15":"instock","16":"shipping-taxable","17":"product-type-simple"},"_links":{"self":[{"href":"https:\/\/lasvon.vn\/index.php?rest_route=\/wp\/v2\/product\/4629","targetHints":{"allow":["GET"]}}],"collection":[{"href":"https:\/\/lasvon.vn\/index.php?rest_route=\/wp\/v2\/product"}],"about":[{"href":"https:\/\/lasvon.vn\/index.php?rest_route=\/wp\/v2\/types\/product"}],"replies":[{"embeddable":true,"href":"https:\/\/lasvon.vn\/index.php?rest_route=%2Fwp%2Fv2%2Fcomments&post=4629"}],"wp:featuredmedia":[{"embeddable":true,"href":"https:\/\/lasvon.vn\/index.php?rest_route=\/wp\/v2\/media\/5469"}],"wp:attachment":[{"href":"https:\/\/lasvon.vn\/index.php?rest_route=%2Fwp%2Fv2%2Fmedia&parent=4629"}],"wp:term":[{"taxonomy":"product_cat","embeddable":true,"href":"https:\/\/lasvon.vn\/index.php?rest_route=%2Fwp%2Fv2%2Fproduct_cat&post=4629"},{"taxonomy":"product_tag","embeddable":true,"href":"https:\/\/lasvon.vn\/index.php?rest_route=%2Fwp%2Fv2%2Fproduct_tag&post=4629"}],"curies":[{"name":"wp","href":"https:\/\/api.w.org\/{rel}","templated":true}]}}