{"id":4628,"date":"2024-02-03T11:18:30","date_gmt":"2024-02-03T11:18:30","guid":{"rendered":"https:\/\/lasvon.vn\/?product=lasvon-ha-b5-boosting-serum"},"modified":"2026-04-14T22:54:05","modified_gmt":"2026-04-14T22:54:05","slug":"lasvon-ha-b5-boosting-serum","status":"publish","type":"product","link":"https:\/\/lasvon.vn\/?product=lasvon-ha-b5-boosting-serum","title":{"rendered":"LASVON HA &#038; B5 BOOSTING SERUM"},"content":{"rendered":"<p><span style=\"font-family: verdana, geneva;\"><strong>C\u00d4NG D\u1ee4NG:<\/strong><\/span><\/p>\n<p>C\u00f4ng th\u1ee9c d\u01b0\u1ee1ng da chuy\u00ean s\u00e2u gi\u00fap h\u1ed7 tr\u1ee3 ph\u1ee5c h\u1ed3i l\u00e0n da x\u1ec9n m\u00e0u, k\u00e9m \u0111\u00e0n h\u1ed3i, xu\u1ea5t hi\u1ec7n d\u1ea5u hi\u1ec7u l\u00e3o ho\u00e1. L\u00e0m s\u00e1ng v\u00e0 c\u1ea3i thi\u1ec7n \u0111\u1ed9 \u0111\u1ec1u m\u00e0u da, h\u1ed7 tr\u1ee3 l\u00e0m m\u1edd n\u1ebfp nh\u0103n v\u00e0 v\u1ebft th\u00e2m, mang l\u1ea1i l\u00e0n da r\u1ea1ng r\u1ee1 v\u00e0 m\u1ec1m m\u1ea1i. \u0110\u1ed3ng th\u1eddi, s\u1ea3n ph\u1ea9m gi\u00fap ch\u0103m s\u00f3c b\u1ec1 m\u1eb7t da m\u1ecbn m\u00e0ng, h\u1ed7 tr\u1ee3 c\u1ea3i thi\u1ec7n \u0111\u1ed9 \u0111\u00e0n h\u1ed3i v\u00e0 s\u0103n ch\u1eafc da nh\u1edd c\u00e1c th\u00e0nh ph\u1ea7n d\u01b0\u1ee1ng ch\u1ea5t gi\u00fap duy tr\u00ec collagen t\u1ef1 nhi\u00ean. K\u1ebft h\u1ee3p v\u1edbi c\u00e1c tinh ch\u1ea5t c\u1ea5p n\u01b0\u1edbc chuy\u00ean s\u00e2u, gi\u00fap l\u00e0n da lu\u00f4n c\u0103ng b\u00f3ng, \u1ea9m m\u01b0\u1ee3t v\u00e0 t\u01b0\u01a1i m\u1edbi su\u1ed1t ng\u00e0y d\u00e0i.<\/p>\n<p><span style=\"font-family: verdana, geneva;\">&#8212;&#8212;&#8212;&#8212;&#8212;&#8212;&#8212;&#8212;&#8212;&#8212;&#8212;&#8212;&#8212;&#8212;&#8212;&#8212;&#8212;&#8212;&#8212;&#8212;&#8212;-<\/span><\/p>\n<p><span style=\"font-family: verdana, geneva;\"><strong>H\u01af\u1edaNG D\u1eaaN S\u1eec D\u1ee4NG:<\/strong><\/span><\/p>\n<p><span style=\"font-family: verdana, geneva;\">R\u1eeda m\u1eb7t s\u1ea1ch, lau th\u1eadt kh\u00f4, thoa m\u1ed9t l\u01b0\u1ee3ng serum v\u1eeba \u0111\u1ee7 l\u00ean m\u1eb7t nh\u1eb9 nh\u00e0ng massage. Trong 1-2 tu\u1ea7n \u0111\u1ea7u ti\u00ean n\u00ean d\u00f9ng 2-3 l\u1ea7n\/tu\u1ea7n. Sau khi \u0111\u00e3 quen d\u1ea7n, c\u00f3 th\u1ec3 t\u0103ng l\u00ean 1-2 l\u1ea7n\/ng\u00e0y.<\/span><\/p>\n","protected":false},"excerpt":{"rendered":"<p><strong>LASVON HA &amp; B5 BOOSTING SERUM<\/strong><\/p>\n","protected":false},"featured_media":5331,"comment_status":"open","ping_status":"closed","template":"","meta":[],"product_cat":[90,88,91,82],"product_tag":[151,152,149,150,171,173],"class_list":{"0":"post-4628","1":"product","2":"type-product","3":"status-publish","4":"has-post-thumbnail","6":"product_cat-ho-tro-duong-sang-mo-sam-nam","7":"product_cat-ho-tro-ngan-ngua-lao-hoa","8":"product_cat-serum-tinh-chat","9":"product_cat-tinh-chat","10":"product_tag-b5-serum","11":"product_tag-boosting-serum","12":"product_tag-cap-am","13":"product_tag-ha-serum","14":"product_tag-ho-tro-cai-thien-da-mun","15":"product_tag-ho-tro-phuc-hoi-da","17":"first","18":"instock","19":"shipping-taxable","20":"product-type-simple"},"_links":{"self":[{"href":"https:\/\/lasvon.vn\/index.php?rest_route=\/wp\/v2\/product\/4628","targetHints":{"allow":["GET"]}}],"collection":[{"href":"https:\/\/lasvon.vn\/index.php?rest_route=\/wp\/v2\/product"}],"about":[{"href":"https:\/\/lasvon.vn\/index.php?rest_route=\/wp\/v2\/types\/product"}],"replies":[{"embeddable":true,"href":"https:\/\/lasvon.vn\/index.php?rest_route=%2Fwp%2Fv2%2Fcomments&post=4628"}],"wp:featuredmedia":[{"embeddable":true,"href":"https:\/\/lasvon.vn\/index.php?rest_route=\/wp\/v2\/media\/5331"}],"wp:attachment":[{"href":"https:\/\/lasvon.vn\/index.php?rest_route=%2Fwp%2Fv2%2Fmedia&parent=4628"}],"wp:term":[{"taxonomy":"product_cat","embeddable":true,"href":"https:\/\/lasvon.vn\/index.php?rest_route=%2Fwp%2Fv2%2Fproduct_cat&post=4628"},{"taxonomy":"product_tag","embeddable":true,"href":"https:\/\/lasvon.vn\/index.php?rest_route=%2Fwp%2Fv2%2Fproduct_tag&post=4628"}],"curies":[{"name":"wp","href":"https:\/\/api.w.org\/{rel}","templated":true}]}}