{"id":4626,"date":"2024-02-03T11:18:28","date_gmt":"2024-02-03T11:18:28","guid":{"rendered":"https:\/\/lasvon.vn\/?product=lasvon-pro-collagen-brightening-anti-melasma"},"modified":"2026-04-14T22:54:44","modified_gmt":"2026-04-14T22:54:44","slug":"lasvon-pro-collagen-brightening-anti-melasma","status":"publish","type":"product","link":"https:\/\/lasvon.vn\/?product=lasvon-pro-collagen-brightening-anti-melasma","title":{"rendered":"LASVON PRO COLLAGEN BRIGHTENING &#038; ANTI MELASMA"},"content":{"rendered":"<p><strong>C\u00d4NG D\u1ee4NG:<\/strong><\/p>\n<p>C\u00f4ng th\u1ee9c h\u1ed7 tr\u1ee3 d\u01b0\u1ee1ng da to\u00e0n di\u1ec7n, h\u1ed7 tr\u1ee3 t\u00e1i t\u1ea1o v\u00e0 ph\u1ee5c h\u1ed3i<br data-start=\"305\" data-end=\"308\" \/>S\u1ea3n ph\u1ea9m ch\u1ee9a Collagen th\u1ef1c v\u1eadt ph\u00e2n t\u1eed th\u1ea5p d\u1ec5 d\u00e0ng th\u1ea9m th\u1ea5u, k\u1ebft h\u1ee3p c\u00f9ng 3 lo\u1ea1i ph\u1ee9c h\u1ee3p Peptide, 7 lo\u1ea1i Hyaluronic Acid v\u00e0 Vitamin B5, mang \u0111\u1ebfn kh\u1ea3 n\u0103ng h\u1ed7 tr\u1ee3 ph\u1ee5c h\u1ed3i da h\u01b0 t\u1ed5n, t\u0103ng c\u01b0\u1eddng \u0111\u1ed9 \u1ea9m v\u00e0 h\u00e0ng r\u00e0o b\u1ea3o v\u1ec7 da.<br data-start=\"548\" data-end=\"551\" \/>Gi\u00fap h\u1ed7 tr\u1ee3 \u0111i\u1ec1u h\u00f2a ho\u1ea1t \u0111\u1ed9ng melanin, l\u00e0m s\u00e1ng \u0111\u1ec1u m\u00e0u da, c\u1ea3i thi\u1ec7n v\u00f9ng da x\u1ec9n m\u00e0u v\u00e0 h\u1ed7 tr\u1ee3 ng\u0103n ng\u1eeba c\u00e1c d\u1ea5u hi\u1ec7u l\u00e3o ho\u00e1 s\u1edbm nh\u01b0 n\u1ebfp nh\u0103n hay m\u1ea5t \u0111\u1ed9 \u0111\u00e0n h\u1ed3i.<br data-start=\"715\" data-end=\"718\" \/>L\u00e0n da tr\u1edf n\u00ean m\u1ecbn m\u00e0ng, \u1ea9m m\u01b0\u1ee3t v\u00e0 r\u1ea1ng r\u1ee1 t\u1eeb b\u00ean trong.<\/p>\n<p>&#8212;&#8212;&#8212;&#8212;&#8212;&#8212;&#8212;&#8212;&#8212;&#8212;&#8212;&#8212;&#8212;&#8212;&#8212;&#8212;&#8212;&#8212;&#8212;&#8212;&#8212;-<\/p>\n<p><strong>H\u01af\u1edaNG D\u1eaaN S\u1eec D\u1ee4NG:<\/strong><\/p>\n<p><strong>\u00a0<\/strong>R\u1eeda s\u1ea1ch m\u1eb7t, lau kh\u00f4, thoa m\u1ed9t l\u1edbp kem v\u1eeba \u0111\u1ee7, nh\u1eb9 nh\u00e0ng massage cho kem th\u1ea9m th\u1ea5u.<\/p>\n","protected":false},"excerpt":{"rendered":"<p><strong>KEM D\u01af\u1ee0NG C\u1ea2I THI\u1ec6N H\u1ed6 TR\u1ee2 N\u00c1M S\u1ea0M \u2013 T\u00c0N NHANG \u2013 \u0110\u1ed2I M\u1ed2I \u2013 PH\u1ee4C H\u1ed2I \u2013 NG\u0102N NG\u1eeaA CH\u1ea2Y X\u1ec6<\/strong><\/p>\n","protected":false},"featured_media":5827,"comment_status":"open","ping_status":"closed","template":"","meta":[],"product_cat":[90,88,79],"product_tag":[196,98,128,186,170,96,127],"class_list":{"0":"post-4626","1":"product","2":"type-product","3":"status-publish","4":"has-post-thumbnail","6":"product_cat-ho-tro-duong-sang-mo-sam-nam","7":"product_cat-ho-tro-ngan-ngua-lao-hoa","8":"product_cat-kem-duong-trang","9":"product_tag-cai-thien-nam","10":"product_tag-collagen","11":"product_tag-duong-am","12":"product_tag-duong-sang-mo-tham","13":"product_tag-ho-tro-ngua-lao-hoa","14":"product_tag-lasvon","15":"product_tag-sua-rua-mat","17":"first","18":"instock","19":"shipping-taxable","20":"product-type-simple"},"_links":{"self":[{"href":"https:\/\/lasvon.vn\/index.php?rest_route=\/wp\/v2\/product\/4626","targetHints":{"allow":["GET"]}}],"collection":[{"href":"https:\/\/lasvon.vn\/index.php?rest_route=\/wp\/v2\/product"}],"about":[{"href":"https:\/\/lasvon.vn\/index.php?rest_route=\/wp\/v2\/types\/product"}],"replies":[{"embeddable":true,"href":"https:\/\/lasvon.vn\/index.php?rest_route=%2Fwp%2Fv2%2Fcomments&post=4626"}],"wp:featuredmedia":[{"embeddable":true,"href":"https:\/\/lasvon.vn\/index.php?rest_route=\/wp\/v2\/media\/5827"}],"wp:attachment":[{"href":"https:\/\/lasvon.vn\/index.php?rest_route=%2Fwp%2Fv2%2Fmedia&parent=4626"}],"wp:term":[{"taxonomy":"product_cat","embeddable":true,"href":"https:\/\/lasvon.vn\/index.php?rest_route=%2Fwp%2Fv2%2Fproduct_cat&post=4626"},{"taxonomy":"product_tag","embeddable":true,"href":"https:\/\/lasvon.vn\/index.php?rest_route=%2Fwp%2Fv2%2Fproduct_tag&post=4626"}],"curies":[{"name":"wp","href":"https:\/\/api.w.org\/{rel}","templated":true}]}}