{"id":4625,"date":"2024-02-03T11:18:27","date_gmt":"2024-02-03T11:18:27","guid":{"rendered":"https:\/\/lasvon.vn\/?product=lasvon-whitening-body-solution"},"modified":"2026-04-09T22:50:54","modified_gmt":"2026-04-09T22:50:54","slug":"lasvon-whitening-body-solution","status":"publish","type":"product","link":"https:\/\/lasvon.vn\/?product=lasvon-whitening-body-solution","title":{"rendered":"LASVON WHITENING BODY SOLUTION"},"content":{"rendered":"<p><strong>C\u00d4NG D\u1ee4NG<\/strong>:<\/p>\n<p>H\u1ed7 tr\u1ee3 d\u01b0\u1ee1ng da s\u00e1ng v\u00e0 \u0111\u1ec1u m\u00e0u, b\u1ea3o v\u1ec7 da d\u01b0\u1edbi t\u00e1c h\u1ea1i c\u1ee7a tia UV v\u00e0 m\u00f4i tr\u01b0\u1eddng, \u0111\u1ed3ng th\u1eddi v\u1edbi c\u00f4ng th\u1ee9c \u0111\u1ed9c \u0111\u00e1o ch\u1ee9a Hyaluronic Acid &amp; Vitamin B5 gi\u00fap d\u01b0\u1ee1ng \u1ea9m s\u00e2u, l\u00e0m m\u1ec1m v\u00f9ng da th\u00f4 r\u00e1p, cung c\u1ea5p d\u01b0\u1ee1ng ch\u1ea5t gi\u00fap l\u00e0n da kh\u1ecfe m\u1ea1nh, h\u1ed7 tr\u1ee3 l\u00e0m ch\u1eadm qu\u00e1 tr\u00ecnh l\u00e3o h\u00f3a, g\u00f3p ph\u1ea7n c\u1ea3i thi\u1ec7n \u0111\u1ed9 \u0111\u00e0n h\u1ed3i v\u00e0 v\u1ebb ngo\u00e0i r\u1ea1ng r\u1ee1 c\u1ee7a l\u00e0n da,\u00a0 h\u1ed7 tr\u1ee3 nu\u00f4i d\u01b0\u1ee1ng l\u1ea1i l\u00e0n da t\u01b0\u01a1i tr\u1ebb m\u1ecbn m\u00e0ng.<\/p>\n<p>&#8212;&#8212;&#8212;&#8212;&#8212;&#8212;&#8212;&#8212;&#8212;&#8212;&#8212;&#8212;&#8212;&#8212;&#8212;&#8212;&#8212;&#8212;&#8212;&#8212;&#8212;-<\/p>\n<p><strong>H\u01af\u1edaNG D\u1eaaN S\u1eec D\u1ee4NG:<\/strong><\/p>\n<p>R\u1eeda s\u1ea1ch, lau kh\u00f4, thoa m\u1ed9t l\u01b0\u1ee3ng kem v\u1eeba \u0111\u1ee7 l\u00ean da v\u00e0 nh\u1eb9 nh\u00e0ng massage cho kem th\u1ea5m \u0111\u1ec1u.<\/p>\n","protected":false},"excerpt":{"rendered":"<p><strong>KEM D\u01af\u1ee0NG S\u00c1NG DA TO\u00c0N TH\u00c2N \u2013 C\u1ea4P \u1ea8M \u2013 MAKEUP- CH\u1ed0NG N\u1eaeNG<\/strong><\/p>\n","protected":false},"featured_media":5481,"comment_status":"open","ping_status":"closed","template":"","meta":[],"product_cat":[78,81,84],"product_tag":[122,126,193,186,191,194,192,124,123],"class_list":{"0":"post-4625","1":"product","2":"type-product","3":"status-publish","4":"has-post-thumbnail","6":"product_cat-chong-nang","7":"product_cat-sua-duong-the","8":"product_cat-trang-diem","9":"product_tag-body-cream","10":"product_tag-chong-nang","11":"product_tag-duong-sang-da-body","12":"product_tag-duong-sang-mo-tham","13":"product_tag-duong-the","14":"product_tag-ho-tro-chong-nang-body","15":"product_tag-kem-body-duong-sang","16":"product_tag-lasvon-whitening","17":"product_tag-suncream","19":"first","20":"instock","21":"shipping-taxable","22":"product-type-simple"},"_links":{"self":[{"href":"https:\/\/lasvon.vn\/index.php?rest_route=\/wp\/v2\/product\/4625","targetHints":{"allow":["GET"]}}],"collection":[{"href":"https:\/\/lasvon.vn\/index.php?rest_route=\/wp\/v2\/product"}],"about":[{"href":"https:\/\/lasvon.vn\/index.php?rest_route=\/wp\/v2\/types\/product"}],"replies":[{"embeddable":true,"href":"https:\/\/lasvon.vn\/index.php?rest_route=%2Fwp%2Fv2%2Fcomments&post=4625"}],"wp:featuredmedia":[{"embeddable":true,"href":"https:\/\/lasvon.vn\/index.php?rest_route=\/wp\/v2\/media\/5481"}],"wp:attachment":[{"href":"https:\/\/lasvon.vn\/index.php?rest_route=%2Fwp%2Fv2%2Fmedia&parent=4625"}],"wp:term":[{"taxonomy":"product_cat","embeddable":true,"href":"https:\/\/lasvon.vn\/index.php?rest_route=%2Fwp%2Fv2%2Fproduct_cat&post=4625"},{"taxonomy":"product_tag","embeddable":true,"href":"https:\/\/lasvon.vn\/index.php?rest_route=%2Fwp%2Fv2%2Fproduct_tag&post=4625"}],"curies":[{"name":"wp","href":"https:\/\/api.w.org\/{rel}","templated":true}]}}