{"id":4624,"date":"2024-02-03T11:18:26","date_gmt":"2024-02-03T11:18:26","guid":{"rendered":"https:\/\/lasvon.vn\/?product=lasvon-bb-cream"},"modified":"2026-04-02T17:51:50","modified_gmt":"2026-04-02T17:51:50","slug":"lasvon-bb-cream","status":"publish","type":"product","link":"https:\/\/lasvon.vn\/?product=lasvon-bb-cream","title":{"rendered":"LASVON BB COLLAGEN"},"content":{"rendered":"<p data-start=\"300\" data-end=\"707\">D\u00f2ng s\u1ea3n ph\u1ea9m cao c\u1ea5p \u1ee9ng d\u1ee5ng c\u00f4ng ngh\u1ec7 ti\u00ean ti\u1ebfn t\u1eeb Nh\u1eadt B\u1ea3n, Lasvon BB Collagen mang \u0111\u1ebfn l\u1edbp n\u1ec1n m\u1ecfng nh\u1eb9, t\u1ef1 nhi\u00ean v\u1edbi kh\u1ea3 n\u0103ng che ph\u1ee7 m\u1ecbn m\u00e0ng, gi\u00fap l\u00e0m \u0111\u1ec1u m\u00e0u da ch\u1ec9 trong m\u1ed9t b\u01b0\u1edbc \u0111\u01a1n gi\u1ea3n.<br data-start=\"473\" data-end=\"476\" \/>C\u00f4ng th\u1ee9c \u0111\u1eb7c bi\u1ec7t t\u00edch h\u1ee3p nhi\u1ec1u ch\u1ee9c n\u0103ng:<br data-start=\"520\" data-end=\"523\" \/>\u2022 D\u01b0\u1ee1ng \u1ea9m v\u00e0 l\u00e0m d\u1ecbu da<br data-start=\"551\" data-end=\"554\" \/>\u2022 Ki\u1ec3m so\u00e1t b\u00f3ng d\u1ea7u<br data-start=\"578\" data-end=\"581\" \/>\u2022 B\u1ea3o v\u1ec7 da tr\u01b0\u1edbc t\u00e1c \u0111\u1ed9ng c\u1ee7a tia UVA\/UVB v\u1edbi m\u00e0ng l\u1ecdc ch\u1ed1ng n\u1eafng ph\u1ed5 r\u1ed9ng<br data-start=\"660\" data-end=\"663\" \/>\u2022 H\u1ed7 tr\u1ee3 l\u00e0m ch\u1eadm qu\u00e1 tr\u00ecnh l\u00e3o ho\u00e1 da<\/p>\n<p data-start=\"709\" data-end=\"787\">Ph\u00f9 h\u1ee3p v\u1edbi l\u00e0n da c\u1ea7n s\u1ef1 ch\u0103m s\u00f3c to\u00e0n di\u1ec7n \u2013 v\u1eeba trang \u0111i\u1ec3m, v\u1eeba nu\u00f4i d\u01b0\u1ee1ng.<\/p>\n<p>&#8212;&#8212;&#8212;&#8212;&#8212;&#8212;&#8212;&#8212;&#8212;&#8212;&#8212;&#8212;&#8212;&#8212;&#8212;&#8212;&#8212;&#8212;&#8212;&#8212;&#8212;-<\/p>\n<p><strong>TH\u00c0NH PH\u1ea6N: <\/strong><\/p>\n<p>Aqua (water\/eau), cyclopentasiloxane, octyldodecanol, dimethicone, glycerin, dimethicone\/vinyl dimethicone crosspolymer, cyclohexasiloxane, isopropyl myristate, bis-peg\/ppg-14\/14 dimethicone, aluminum starch octenylsuccinate, cetyl peg\/ppg-10\/1 dimethicone, polyglyceryl-4 isostearate, hexyl laurate, xylitylglucoside, silica, sodium chloride, isododecane, acrylates\/dimethicone copolymer, dimethicone crosspolymer, anhydroxylitol, xylitol, tocopheryl acetate, triethoxycaprylylsilane, hydrolyzed hyaluronic acid, aloe barbadensis leaf juice, camellia oleifera leaf extract, chamomilla recutita (matricaria) flower\/leaf extract, disteardimonium hectorite, propylene carbonate, trihydroxystearin, butylene glycol, propylene glycol, diazolidinyl urea, iodopropynyl butylcarbamate, sodium benzoate, potassium sorbate, phenoxyethanol, titanium dioxide, mica, iron oxides.<\/p>\n<p>&#8212;&#8212;&#8212;&#8212;&#8212;&#8212;&#8212;&#8212;&#8212;&#8212;&#8212;&#8212;&#8212;&#8212;&#8212;&#8212;&#8212;&#8212;&#8212;&#8212;&#8212;-<\/p>\n<p><strong>H\u01af\u1edaNG D\u1eaaN S\u1eec D\u1ee4NG:<\/strong><\/p>\n<p>R\u1eeda m\u1eb7t s\u1ea1ch v\u00e0 lau kh\u00f4, l\u1ea5y m\u1ed9t l\u01b0\u1ee3ng kem v\u1eeba \u0111\u1ee7 ra mu b\u00e0n tay, d\u00f9ng ng\u00f3n tay ch\u1ea5m \u0111\u1ec1u v\u00e0 t\u00e1n nh\u1eb9 kh\u1eafp m\u1eb7t cho kem \u0111\u01b0\u1ee3c th\u1ea9m th\u1ea5m.<\/p>\n","protected":false},"excerpt":{"rendered":"<p><strong>KEM N\u1ec0N TRANG \u0110I\u1ec2M \u2013 D\u01af\u1ee0NG \u1ea8M \u2013 KI\u1ec0M D\u1ea6U \u2013 HH\u1ed6 TR\u1ee2 L\u00c0M CH\u1eacM QU\u00c1 TR\u00ccNH L\u00c3O HO\u00c1 DA \u2013 CH\u1ed0NG N\u1eaeNG <\/strong><\/p>\n","protected":false},"featured_media":5530,"comment_status":"open","ping_status":"closed","template":"","meta":[],"product_cat":[78,84],"product_tag":[109,98,96],"class_list":{"0":"post-4624","1":"product","2":"type-product","3":"status-publish","4":"has-post-thumbnail","6":"product_cat-chong-nang","7":"product_cat-trang-diem","8":"product_tag-bb-cream","9":"product_tag-collagen","10":"product_tag-lasvon","12":"first","13":"instock","14":"shipping-taxable","15":"product-type-simple"},"_links":{"self":[{"href":"https:\/\/lasvon.vn\/index.php?rest_route=\/wp\/v2\/product\/4624","targetHints":{"allow":["GET"]}}],"collection":[{"href":"https:\/\/lasvon.vn\/index.php?rest_route=\/wp\/v2\/product"}],"about":[{"href":"https:\/\/lasvon.vn\/index.php?rest_route=\/wp\/v2\/types\/product"}],"replies":[{"embeddable":true,"href":"https:\/\/lasvon.vn\/index.php?rest_route=%2Fwp%2Fv2%2Fcomments&post=4624"}],"wp:featuredmedia":[{"embeddable":true,"href":"https:\/\/lasvon.vn\/index.php?rest_route=\/wp\/v2\/media\/5530"}],"wp:attachment":[{"href":"https:\/\/lasvon.vn\/index.php?rest_route=%2Fwp%2Fv2%2Fmedia&parent=4624"}],"wp:term":[{"taxonomy":"product_cat","embeddable":true,"href":"https:\/\/lasvon.vn\/index.php?rest_route=%2Fwp%2Fv2%2Fproduct_cat&post=4624"},{"taxonomy":"product_tag","embeddable":true,"href":"https:\/\/lasvon.vn\/index.php?rest_route=%2Fwp%2Fv2%2Fproduct_tag&post=4624"}],"curies":[{"name":"wp","href":"https:\/\/api.w.org\/{rel}","templated":true}]}}