{"id":4623,"date":"2024-02-03T11:18:26","date_gmt":"2024-02-03T11:18:26","guid":{"rendered":"https:\/\/lasvon.vn\/?product=lasvon-uv-sheer-broad-spectrum"},"modified":"2026-04-02T17:54:43","modified_gmt":"2026-04-02T17:54:43","slug":"lasvon-uv-sheer-broad-spectrum","status":"publish","type":"product","link":"https:\/\/lasvon.vn\/?product=lasvon-uv-sheer-broad-spectrum","title":{"rendered":"LASVON UV SHEER BROAD-SPECTRUM"},"content":{"rendered":"<p><strong>C\u00d4NG D<\/strong><strong>\u1ee4<\/strong><strong>NG: <\/strong><\/p>\n<p data-start=\"256\" data-end=\"644\">Kem ch\u1ed1ng n\u1eafng v\u1eadt l\u00fd ph\u1ed5 r\u1ed9ng Lasvon \u1ee9ng d\u1ee5ng c\u00f4ng ngh\u1ec7 m\u00e0ng l\u1ecdc \u0111\u1eb7c bi\u1ec7t, h\u1ed7 tr\u1ee3 b\u1ea3o v\u1ec7 da tr\u01b0\u1edbc t\u00e1c \u0111\u1ed9ng c\u1ee7a tia UVA\/UVB, \u0111\u1ed3ng th\u1eddi m\u1edf r\u1ed9ng kh\u1ea3 n\u0103ng b\u1ea3o v\u1ec7 kh\u1ecfi tia IR (h\u1ed3ng ngo\u1ea1i) v\u00e0 HEV (\u00e1nh s\u00e1ng xanh). C\u00f4ng th\u1ee9c b\u1ed5 sung Hyaluronic Acid v\u00e0 Vitamin B5 gi\u00fap c\u1ea5p \u1ea9m, h\u1ed7 tr\u1ee3 l\u00e0m d\u1ecbu v\u00e0 nu\u00f4i d\u01b0\u1ee1ng l\u00e0n da m\u1ec1m m\u1ecbn, t\u01b0\u01a1i s\u00e1ng su\u1ed1t ng\u00e0y d\u00e0i. Ph\u00f9 h\u1ee3p v\u1edbi l\u00e0n da nh\u1ea1y c\u1ea3m ho\u1eb7c d\u1ec5 k\u00edch \u1ee9ng.<\/p>\n<p>&#8212;&#8212;&#8212;&#8212;&#8212;&#8212;&#8212;&#8212;&#8212;&#8212;&#8212;&#8212;&#8212;&#8212;&#8212;&#8212;&#8212;&#8212;&#8212;&#8212;&#8212;-<\/p>\n<p><strong>H\u01af\u1edaNG D\u1eaaN S\u1eec D\u1ee4NG:<\/strong><\/p>\n<p>Thoa m\u1ed9t l\u01b0\u1ee3ng kem v\u1eeba \u0111\u1ee7 l\u00ean v\u00f9ng da c\u1ea7n ch\u1ed1ng n\u1eafng, nh\u1eb9 nh\u00e0ng massage cho kem ph\u1ee7 \u0111\u1ec1u. Thoa tr\u01b0\u1edbc khi ra n\u1eafng 15 ph\u00fat, n\u00ean thoa l\u1ea1i sau 2 gi\u1edd n\u1ebfu \u0111\u1ed5 m\u1ed3 h\u00f4i nhi\u1ec1u<\/p>\n","protected":false},"excerpt":{"rendered":"<p><strong>KEM CH\u1ed0NG N\u1eaeNG V\u1eacT L\u00dd PH\u1ed4 R\u1ed8NG<\/strong><\/p>\n","protected":false},"featured_media":5534,"comment_status":"open","ping_status":"closed","template":"","meta":[],"product_cat":[78],"product_tag":[98,105,107,108,106],"class_list":{"0":"post-4623","1":"product","2":"type-product","3":"status-publish","4":"has-post-thumbnail","6":"product_cat-chong-nang","7":"product_tag-collagen","8":"product_tag-kem-chong-nang","9":"product_tag-pho-rong","10":"product_tag-sun-cream","11":"product_tag-vat-ly","13":"first","14":"instock","15":"shipping-taxable","16":"product-type-simple"},"_links":{"self":[{"href":"https:\/\/lasvon.vn\/index.php?rest_route=\/wp\/v2\/product\/4623","targetHints":{"allow":["GET"]}}],"collection":[{"href":"https:\/\/lasvon.vn\/index.php?rest_route=\/wp\/v2\/product"}],"about":[{"href":"https:\/\/lasvon.vn\/index.php?rest_route=\/wp\/v2\/types\/product"}],"replies":[{"embeddable":true,"href":"https:\/\/lasvon.vn\/index.php?rest_route=%2Fwp%2Fv2%2Fcomments&post=4623"}],"wp:featuredmedia":[{"embeddable":true,"href":"https:\/\/lasvon.vn\/index.php?rest_route=\/wp\/v2\/media\/5534"}],"wp:attachment":[{"href":"https:\/\/lasvon.vn\/index.php?rest_route=%2Fwp%2Fv2%2Fmedia&parent=4623"}],"wp:term":[{"taxonomy":"product_cat","embeddable":true,"href":"https:\/\/lasvon.vn\/index.php?rest_route=%2Fwp%2Fv2%2Fproduct_cat&post=4623"},{"taxonomy":"product_tag","embeddable":true,"href":"https:\/\/lasvon.vn\/index.php?rest_route=%2Fwp%2Fv2%2Fproduct_tag&post=4623"}],"curies":[{"name":"wp","href":"https:\/\/api.w.org\/{rel}","templated":true}]}}