{"id":4621,"date":"2024-02-03T11:18:24","date_gmt":"2024-02-03T11:18:24","guid":{"rendered":"https:\/\/lasvon.vn\/?product=lasvon-micellar-cleasing-water-green-tea-niacinamide"},"modified":"2026-04-14T22:54:25","modified_gmt":"2026-04-14T22:54:25","slug":"lasvon-micellar-cleasing-water-green-tea-niacinamide","status":"publish","type":"product","link":"https:\/\/lasvon.vn\/?product=lasvon-micellar-cleasing-water-green-tea-niacinamide","title":{"rendered":"LASVON MICELLAR CLEANSING WATER GREEN TEA"},"content":{"rendered":"<p><strong>C\u00d4NG D\u1ee4NG:<\/strong><\/p>\n<p><span style=\"font-size: 14px;\">C\u00f4ng th\u1ee9c ch\u1ee9a c\u00e1c mixen si\u00eau nh\u1ecf gi\u00fap nh\u1eb9 nh\u00e0ng l\u00e0m s\u1ea1ch b\u1ee5i b\u1ea9n v\u00e0 b\u00e3 nh\u1eddn d\u01b0 th\u1eeba m\u00e0 kh\u00f4ng c\u1ea7n ch\u00e0 x\u00e1t, h\u1ed7 tr\u1ee3 ki\u1ec3m so\u00e1t d\u1ea7u nh\u1eddn, h\u1ed7 tr\u1ee3 nguy\u00ean nh\u00e2n g\u00e2y m\u1ee5n, mang l\u1ea1i c\u1ea3m gi\u00e1c s\u1ea1ch tho\u00e1ng m\u00e0 v\u1eabn d\u1ecbu nh\u1eb9 cho l\u00e0n da. K\u1ebft h\u1ee3p chi\u1ebft xu\u1ea5t tr\u00e0 xanh Nh\u1eadt B\u1ea3n gi\u00e0u ch\u1ea5t ch\u1ed1ng oxy ho\u00e1 c\u00f9ng c\u00e1c d\u01b0\u1ee1ng ch\u1ea5t h\u1ed7 tr\u1ee3 c\u1ea5p \u1ea9m, gi\u00fap l\u00e0n da m\u1ec1m m\u1ea1i, t\u01b0\u01a1i m\u00e1t v\u00e0 ph\u00f9 h\u1ee3p v\u1edbi l\u00e0n da d\u1ec5 n\u1ed5i m\u1ee5n ho\u1eb7c da d\u1ea7u.<\/span><\/p>\n<p>&#8212;&#8212;&#8212;&#8212;&#8212;&#8212;&#8212;&#8212;&#8212;&#8212;&#8212;&#8212;&#8212;&#8212;&#8212;&#8212;&#8212;&#8212;&#8212;&#8212;&#8212;-<\/p>\n<p><strong>H\u01af\u1edaNG D\u1eaaN S\u1eec D\u1ee4NG:<\/strong><\/p>\n<p>L\u00e0m \u01b0\u1edbt b\u00f4ng t\u1ea9y trang r\u1ed3i nh\u1eb9 nh\u00e0ng chuy\u1ec3n \u0111\u1ed9ng xoay tr\u00f2n \u0111\u1ec1u kh\u1eafp da. B\u1eaft \u0111\u1ea7u t\u1eeb 2 b\u00ean m\u00e1 &#8211; tr\u00e1n &#8211; m\u0169i &#8211; c\u1eb1m. L\u1eb7p l\u1ea1i cho t\u1edbi khi kh\u00f4ng c\u00f2n nh\u00ecn th\u1ea5y c\u1eb7n trang \u0111i\u1ec3m tr\u00ean b\u00f4ng t\u1ea9y trang.<\/p>\n","protected":false},"excerpt":{"rendered":"<p><strong>N\u01af\u1edaC T\u1ea8Y TRANG D\u01af\u1ee0NG \u1ea8M \u2013 H\u1ed6 TR\u1ee2 KI\u1ec2M SO\u00c1T D\u1ea6U \u2013 H\u1ed6 TR\u1ee2 NG\u0102N NG\u1eeaA M\u1ee4N<br \/>\nCHI\u1ebeT XU\u1ea4T TR\u00c0 XANH NH\u1eacT B\u1ea2N<\/strong><\/p>\n","protected":false},"featured_media":5595,"comment_status":"open","ping_status":"closed","template":"","meta":[],"product_cat":[85],"product_tag":[],"class_list":{"0":"post-4621","1":"product","2":"type-product","3":"status-publish","4":"has-post-thumbnail","6":"product_cat-lam-sach","8":"first","9":"instock","10":"shipping-taxable","11":"product-type-simple"},"_links":{"self":[{"href":"https:\/\/lasvon.vn\/index.php?rest_route=\/wp\/v2\/product\/4621","targetHints":{"allow":["GET"]}}],"collection":[{"href":"https:\/\/lasvon.vn\/index.php?rest_route=\/wp\/v2\/product"}],"about":[{"href":"https:\/\/lasvon.vn\/index.php?rest_route=\/wp\/v2\/types\/product"}],"replies":[{"embeddable":true,"href":"https:\/\/lasvon.vn\/index.php?rest_route=%2Fwp%2Fv2%2Fcomments&post=4621"}],"wp:featuredmedia":[{"embeddable":true,"href":"https:\/\/lasvon.vn\/index.php?rest_route=\/wp\/v2\/media\/5595"}],"wp:attachment":[{"href":"https:\/\/lasvon.vn\/index.php?rest_route=%2Fwp%2Fv2%2Fmedia&parent=4621"}],"wp:term":[{"taxonomy":"product_cat","embeddable":true,"href":"https:\/\/lasvon.vn\/index.php?rest_route=%2Fwp%2Fv2%2Fproduct_cat&post=4621"},{"taxonomy":"product_tag","embeddable":true,"href":"https:\/\/lasvon.vn\/index.php?rest_route=%2Fwp%2Fv2%2Fproduct_tag&post=4621"}],"curies":[{"name":"wp","href":"https:\/\/api.w.org\/{rel}","templated":true}]}}