{"id":4620,"date":"2024-02-03T11:18:23","date_gmt":"2024-02-03T11:18:23","guid":{"rendered":"https:\/\/lasvon.vn\/?product=lasvon-aqua-peeling-gel"},"modified":"2025-10-13T06:29:44","modified_gmt":"2025-10-13T06:29:44","slug":"lasvon-aqua-peeling-gel","status":"publish","type":"product","link":"https:\/\/lasvon.vn\/?product=lasvon-aqua-peeling-gel","title":{"rendered":"LASVON AQUA PEELING GEL"},"content":{"rendered":"<p><strong>C\u00d4NG D\u1ee4NG:<\/strong><\/p>\n<p>S\u1ef1 k\u1ebft h\u1ee3p \u0111\u1ed9c \u0111\u00e1o gi\u00fap nh\u1eb9 nh\u00e0ng h\u1ed7 tr\u1ee3\u00a0 lo\u1ea1i b\u1ecf nh\u1eb9 nh\u00e0ng l\u1edbp t\u1ebf b\u00e0o s\u1eebng, h\u1ed7 tr\u1ee3 l\u00e0m s\u1ea1ch da v\u00e0 l\u1ed7 ch\u00e2n l\u00f4ng, lo\u1ea1i b\u1ecf b\u00e3 nh\u1eddn d\u01b0 th\u1eeba v\u00e0 b\u1ee5i b\u1ea9n t\u1eeb s\u00e2u trong c\u00e1c l\u1ed7 ch\u00e2n l\u00f4ng, ggi\u00fap l\u00e0m s\u1ea1ch da hi\u1ec7u qu\u1ea3, h\u1ed7 tr\u1ee3 c\u1ea3i thi\u1ec7n t\u00ecnh tr\u1ea1ng da d\u1ec5 n\u1ed5i m\u1ee5n, \u0111\u1ed3ng th\u1eddi gi\u00fap da tr\u00f4ng t\u01b0\u01a1i s\u00e1ng v\u00e0 \u0111\u1ec1u m\u00e0u h\u01a1n, th\u1ed7 tr\u1ee3 c\u1ea3i thi\u1ec7n b\u1ec1 m\u1eb7t da, gi\u00fap da tr\u00f4ng m\u1ecbn m\u00e0ng h\u01a1n &amp;h\u1ed7 tr\u1ee3 c\u1ea3i thi\u1ec7n \u0111\u1ed9 \u0111\u00e0n h\u1ed3i c\u1ee7a da.<\/p>\n<p>&#8212;&#8212;&#8212;&#8212;&#8212;&#8212;&#8212;&#8212;&#8212;&#8212;&#8212;&#8212;&#8212;&#8212;&#8212;&#8212;&#8212;&#8212;&#8212;&#8212;&#8212;-<\/p>\n<p><strong>H\u01af\u1edaNG D\u1eaaN S\u1eec D\u1ee4NG:<\/strong><\/p>\n<p>R\u1eeda s\u1ea1ch m\u1eb7t v\u00e0 lau kh\u00f4, l\u1ea5y m\u1ed9t l\u01b0\u1ee3ng v\u1eeba \u0111\u1ee7 thoa \u0111\u1ec1u l\u00ean m\u1eb7t, nh\u1eb9 nh\u00e0ng massage \u0111\u1ec3 l\u00e0m s\u1ea1ch trong 3-5 ph\u00fat. R\u1eeda s\u1ea1ch l\u1ea1i b\u1eb1ng n\u01b0\u1edbc.<\/p>\n","protected":false},"excerpt":{"rendered":"<p><strong>GEL T\u1ea8Y T\u1ebe B\u00c0O CH\u1ebeT VI TINH TH\u1ec2 D\u00c0NH CHO DA NH\u1ea0Y C\u1ea2M<\/strong><\/p>\n","protected":false},"featured_media":5588,"comment_status":"open","ping_status":"closed","template":"","meta":[],"product_cat":[85,83],"product_tag":[182,187,98,128,186,183,96,127],"class_list":{"0":"post-4620","1":"product","2":"type-product","3":"status-publish","4":"has-post-thumbnail","6":"product_cat-lam-sach","7":"product_cat-loai-bo-te-bao-chet","8":"product_tag-cai-thien-da-mun","9":"product_tag-cai-thien-do-dan-hoi-da","10":"product_tag-collagen","11":"product_tag-duong-am","12":"product_tag-duong-sang-mo-tham","13":"product_tag-lam-sach-da","14":"product_tag-lasvon","15":"product_tag-sua-rua-mat","17":"first","18":"instock","19":"shipping-taxable","20":"product-type-simple"},"_links":{"self":[{"href":"https:\/\/lasvon.vn\/index.php?rest_route=\/wp\/v2\/product\/4620","targetHints":{"allow":["GET"]}}],"collection":[{"href":"https:\/\/lasvon.vn\/index.php?rest_route=\/wp\/v2\/product"}],"about":[{"href":"https:\/\/lasvon.vn\/index.php?rest_route=\/wp\/v2\/types\/product"}],"replies":[{"embeddable":true,"href":"https:\/\/lasvon.vn\/index.php?rest_route=%2Fwp%2Fv2%2Fcomments&post=4620"}],"wp:featuredmedia":[{"embeddable":true,"href":"https:\/\/lasvon.vn\/index.php?rest_route=\/wp\/v2\/media\/5588"}],"wp:attachment":[{"href":"https:\/\/lasvon.vn\/index.php?rest_route=%2Fwp%2Fv2%2Fmedia&parent=4620"}],"wp:term":[{"taxonomy":"product_cat","embeddable":true,"href":"https:\/\/lasvon.vn\/index.php?rest_route=%2Fwp%2Fv2%2Fproduct_cat&post=4620"},{"taxonomy":"product_tag","embeddable":true,"href":"https:\/\/lasvon.vn\/index.php?rest_route=%2Fwp%2Fv2%2Fproduct_tag&post=4620"}],"curies":[{"name":"wp","href":"https:\/\/api.w.org\/{rel}","templated":true}]}}