{"id":4619,"date":"2024-02-03T11:18:22","date_gmt":"2024-02-03T11:18:22","guid":{"rendered":"https:\/\/lasvon.vn\/?product=lasvon-brightening-cleanser-chamomile"},"modified":"2025-12-28T08:32:09","modified_gmt":"2025-12-28T08:32:09","slug":"lasvon-brightening-cleanser-chamomile","status":"publish","type":"product","link":"https:\/\/lasvon.vn\/?product=lasvon-brightening-cleanser-chamomile","title":{"rendered":"LASVON BRIGHTENING CLEANSER CHAMOMILE"},"content":{"rendered":"<p>V\u1edbi c\u00e1c d\u01b0\u1ee1ng ch\u1ea5t v\u00e0 chi\u1ebft xu\u1ea5t trong m\u1ed9t c\u00f4ng th\u1ee9c \u0111\u1ed9c \u0111\u00e1o, s\u1eefa r\u1eeda m\u1eb7t <strong>LASVON Brightening Cleanser Chamomile<\/strong> <span style=\"font-size: 14px;\">gi\u00fap l\u00e0m s\u1ea1ch s\u00e2u l\u1ed7 ch\u00e2n l\u00f4ng, lo\u1ea1i b\u1ecf c\u00e1c b\u1ee5i b\u1ea9n, t\u1ea1p ch\u1ea5t t\u00edch t\u1ee5 trong ng\u00e0y, gi\u00fap da \u0111\u01b0\u1ee3c l\u00e0m s\u1ea1ch s\u00e2u, l\u00e0m gi\u1ea3m v\u00e0 h\u1ed7 tr\u1ee3 ng\u0103n c\u00e1c nguy\u00ean nh\u00e2n g\u00e2y m\u1ee5n, \u0111\u1ed3ng th\u1eddi gi\u00fap l\u00e0m s\u00e1ng da v\u00e0 se kh\u00edt l\u1ed7 ch\u00e2n l\u00f4ng, th\u00fac \u0111\u1ea9y s\u1ef1 s\u0103n ch\u1eafc &amp; duy tr\u00ec \u0111\u1ed9 \u1ea9m cho da.<\/span><\/p>\n<p>&#8212;&#8212;&#8212;&#8212;&#8212;&#8212;&#8212;&#8212;&#8212;&#8212;&#8212;&#8212;&#8212;&#8212;&#8212;&#8212;&#8212;&#8212;&#8212;&#8212;&#8212;-<\/p>\n<p><strong>H\u01af\u1edaNG D\u1eaaN S\u1eec D\u1ee4NG:<\/strong><\/p>\n<p>L\u00e0m \u01b0\u1edbt m\u1eb7t v\u00e0 tay, cho m\u1ed9t l\u01b0\u1ee3ng v\u1eeba \u0111\u1ee7 v\u00e0o l\u00f2ng b\u00e0n tay nh\u1eb9 nh\u00e0ng t\u1ea1o b\u1ecdt, thoa l\u00ean m\u1eb7t v\u00e0 nh\u1eb9 nh\u00e0ng massage. R\u1eeda s\u1ea1ch v\u1edbi n\u01b0\u1edbc.\u00a0S\u1eed d\u1ee5ng bu\u1ed5i s\u00e1ng v\u00e0 bu\u1ed5i t\u1ed1i<\/p>\n","protected":false},"excerpt":{"rendered":"<p><strong>S\u1eeeA R\u1eecA M\u1eb6T H\u1ed6 TR\u1ee2 KI\u1ec0M D\u1ea6U &#8211; H\u1ed6 TR\u1ee2 NG\u0102N NG\u1eeaA M\u1ee4N &#8211; S\u00c1NG DA &#8211; SE KH\u00cdT CH\u00c2N L\u00d4NG<\/strong><\/p>\n<p><strong>CHI\u1ebeT XU\u1ea4T HOA C\u00daC LA M\u00c3<\/strong><\/p>\n","protected":false},"featured_media":5580,"comment_status":"open","ping_status":"closed","template":"","meta":[],"product_cat":[85],"product_tag":[188,189,187,98,128,186,171,96,127],"class_list":{"0":"post-4619","1":"product","2":"type-product","3":"status-publish","4":"has-post-thumbnail","6":"product_cat-lam-sach","7":"product_tag-brightening-cleanser","8":"product_tag-cai-thien-da-mem-min","9":"product_tag-cai-thien-do-dan-hoi-da","10":"product_tag-collagen","11":"product_tag-duong-am","12":"product_tag-duong-sang-mo-tham","13":"product_tag-ho-tro-cai-thien-da-mun","14":"product_tag-lasvon","15":"product_tag-sua-rua-mat","17":"first","18":"instock","19":"shipping-taxable","20":"product-type-simple"},"_links":{"self":[{"href":"https:\/\/lasvon.vn\/index.php?rest_route=\/wp\/v2\/product\/4619","targetHints":{"allow":["GET"]}}],"collection":[{"href":"https:\/\/lasvon.vn\/index.php?rest_route=\/wp\/v2\/product"}],"about":[{"href":"https:\/\/lasvon.vn\/index.php?rest_route=\/wp\/v2\/types\/product"}],"replies":[{"embeddable":true,"href":"https:\/\/lasvon.vn\/index.php?rest_route=%2Fwp%2Fv2%2Fcomments&post=4619"}],"wp:featuredmedia":[{"embeddable":true,"href":"https:\/\/lasvon.vn\/index.php?rest_route=\/wp\/v2\/media\/5580"}],"wp:attachment":[{"href":"https:\/\/lasvon.vn\/index.php?rest_route=%2Fwp%2Fv2%2Fmedia&parent=4619"}],"wp:term":[{"taxonomy":"product_cat","embeddable":true,"href":"https:\/\/lasvon.vn\/index.php?rest_route=%2Fwp%2Fv2%2Fproduct_cat&post=4619"},{"taxonomy":"product_tag","embeddable":true,"href":"https:\/\/lasvon.vn\/index.php?rest_route=%2Fwp%2Fv2%2Fproduct_tag&post=4619"}],"curies":[{"name":"wp","href":"https:\/\/api.w.org\/{rel}","templated":true}]}}