{"id":4617,"date":"2024-02-03T11:18:19","date_gmt":"2024-02-03T11:18:19","guid":{"rendered":"https:\/\/lasvon.vn\/?product=lasvon-brightening-cleanser-rice-milk"},"modified":"2025-10-13T06:29:05","modified_gmt":"2025-10-13T06:29:05","slug":"lasvon-brightening-cleanser-rice-milk","status":"publish","type":"product","link":"https:\/\/lasvon.vn\/?product=lasvon-brightening-cleanser-rice-milk","title":{"rendered":"LASVON BRIGHTENING CLEANSER RICE MILK"},"content":{"rendered":"<p>S\u1eefa r\u1eeda m\u1eb7t v\u1edbi c\u00f4ng th\u1ee9c l\u00e0m s\u1ea1ch d\u1ecbu nh\u1eb9 gi\u00fap lo\u1ea1i b\u1ecf b\u1ee5i b\u1ea9n, b\u00e3 nh\u1eddn v\u00e0 t\u1ea1p ch\u1ea5t t\u1eeb s\u00e2u b\u00ean trong l\u1ed7 ch\u00e2n l\u00f4ng, h\u1ed7 tr\u1ee3 l\u00e0m s\u00e1ng da , h\u1ed7 tr\u1ee3 gi\u00fap gi\u1ea3m v\u00e0 ng\u0103n ng\u1eeba m\u1ee5n, l\u00e0m gi\u1ea3m c\u00e1c d\u1ea5u hi\u1ec7u m\u1ee5n v\u00e0 v\u1ebft th\u00e2m.<br data-start=\"431\" data-end=\"434\" \/>Chi\u1ebft xu\u1ea5t thi\u00ean nhi\u00ean k\u1ebft h\u1ee3p c\u00f9ng c\u00e1c d\u01b0\u1ee1ng ch\u1ea5t c\u00f3 trong c\u00f4ng th\u1ee9c \u0111\u1eb7c bi\u1ec7t gi\u00fap l\u00e0m s\u1ea1ch s\u00e2u m\u00e0 v\u1eabn gi\u1eef nguy\u00ean \u0111\u1ed9 \u1ea9m t\u1ef1 nhi\u00ean, g\u00f3p ph\u1ea7n c\u1ea3i thi\u1ec7n \u0111\u1ed9 \u0111\u00e0n h\u1ed3i, mang l\u1ea1i l\u00e0n da \u1ea9m m\u01b0\u1ee3t, s\u00e1ng kh\u1ecfe v\u00e0 ph\u00f9 h\u1ee3p c\u1ea3 v\u1edbi l\u00e0n da nh\u1ea1y c\u1ea3m ho\u1eb7c \u0111ang trong li\u1ec7u tr\u00ecnh ch\u0103m s\u00f3c chuy\u00ean s\u00e2u.<\/p>\n<p>&#8212;&#8212;&#8212;&#8212;&#8212;&#8212;&#8212;&#8212;&#8212;&#8212;&#8212;&#8212;&#8212;&#8212;&#8212;&#8212;&#8212;&#8212;&#8212;&#8212;&#8212;-<\/p>\n<p><strong>H\u01af\u1edaNG D\u1eaaN S\u1eec D\u1ee4NG:<\/strong><\/p>\n<p>L\u00e0m \u01b0\u1edbt m\u1eb7t v\u00e0 tay, cho m\u1ed9t l\u01b0\u1ee3ng v\u1eeba \u0111\u1ee7 v\u00e0o l\u00f2ng b\u00e0n tay nh\u1eb9 nh\u00e0ng t\u1ea1o b\u1ecdt, thoa l\u00ean m\u1eb7t v\u00e0 nh\u1eb9 nh\u00e0ng massage. R\u1eeda s\u1ea1ch v\u1edbi n\u01b0\u1edbc.\u00a0S\u1eed d\u1ee5ng bu\u1ed5i s\u00e1ng v\u00e0 bu\u1ed5i t\u1ed1i<\/p>\n","protected":false},"excerpt":{"rendered":"<p>D\u1ecaU NH\u1eb8 \u2013 L\u00c0M S\u1ea0CH \u2013 H\u1ed6 TR\u1ee2 S\u00c1NG DA \u2013 M\u1ec0M M\u1ecaN \u2013 SE KH\u00cdT L\u1ed6 CH\u00c2N L\u00d4NG<\/p>\n","protected":false},"featured_media":5550,"comment_status":"open","ping_status":"closed","template":"","meta":[],"product_cat":[85],"product_tag":[188,187,98,128,186,171,183,96,127,190],"class_list":{"0":"post-4617","1":"product","2":"type-product","3":"status-publish","4":"has-post-thumbnail","6":"product_cat-lam-sach","7":"product_tag-brightening-cleanser","8":"product_tag-cai-thien-do-dan-hoi-da","9":"product_tag-collagen","10":"product_tag-duong-am","11":"product_tag-duong-sang-mo-tham","12":"product_tag-ho-tro-cai-thien-da-mun","13":"product_tag-lam-sach-da","14":"product_tag-lasvon","15":"product_tag-sua-rua-mat","16":"product_tag-sua-rua-mat-diu-nhe","18":"first","19":"instock","20":"shipping-taxable","21":"product-type-simple"},"_links":{"self":[{"href":"https:\/\/lasvon.vn\/index.php?rest_route=\/wp\/v2\/product\/4617","targetHints":{"allow":["GET"]}}],"collection":[{"href":"https:\/\/lasvon.vn\/index.php?rest_route=\/wp\/v2\/product"}],"about":[{"href":"https:\/\/lasvon.vn\/index.php?rest_route=\/wp\/v2\/types\/product"}],"replies":[{"embeddable":true,"href":"https:\/\/lasvon.vn\/index.php?rest_route=%2Fwp%2Fv2%2Fcomments&post=4617"}],"wp:featuredmedia":[{"embeddable":true,"href":"https:\/\/lasvon.vn\/index.php?rest_route=\/wp\/v2\/media\/5550"}],"wp:attachment":[{"href":"https:\/\/lasvon.vn\/index.php?rest_route=%2Fwp%2Fv2%2Fmedia&parent=4617"}],"wp:term":[{"taxonomy":"product_cat","embeddable":true,"href":"https:\/\/lasvon.vn\/index.php?rest_route=%2Fwp%2Fv2%2Fproduct_cat&post=4617"},{"taxonomy":"product_tag","embeddable":true,"href":"https:\/\/lasvon.vn\/index.php?rest_route=%2Fwp%2Fv2%2Fproduct_tag&post=4617"}],"curies":[{"name":"wp","href":"https:\/\/api.w.org\/{rel}","templated":true}]}}