{"id":58,"date":"2022-09-15T11:09:20","date_gmt":"2022-09-15T11:09:20","guid":{"rendered":"https:\/\/robeto.novaworks.net\/?page_id=58"},"modified":"2025-11-11T10:28:40","modified_gmt":"2025-11-11T10:28:40","slug":"about-us","status":"publish","type":"page","link":"https:\/\/lasvon.vn\/?page_id=58","title":{"rendered":"About Us"},"content":{"rendered":"\t\t<div data-elementor-type=\"wp-page\" data-elementor-id=\"58\" class=\"elementor elementor-58\">\n\t\t\t\t\t\t\t<div class=\"elementor-element elementor-element-5e2ff8a e-flex e-con-boxed kitify-col-width-auto-no ignore-docs-style-no kitify-disable-relative-no e-root-container elementor-top-section e-con e-parent\" data-id=\"5e2ff8a\" data-element_type=\"container\" data-settings=\"{&quot;content_width&quot;:&quot;boxed&quot;}\" data-core-v316-plus=\"true\">\n\t\t\t\t\t<div class=\"e-con-inner\">\n\t\t\t\t<div class=\"elementor-element elementor-element-20252df elementor-widget elementor-widget-image\" data-id=\"20252df\" data-element_type=\"widget\" data-widget_type=\"image.default\">\n\t\t\t\t<div class=\"elementor-widget-container\">\n\t\t\t<style>\/*! elementor - v3.18.0 - 20-12-2023 *\/\n.elementor-widget-image{text-align:center}.elementor-widget-image a{display:inline-block}.elementor-widget-image a img[src$=\".svg\"]{width:48px}.elementor-widget-image img{vertical-align:middle;display:inline-block}<\/style>\t\t\t\t\t\t\t\t\t\t\t\t<img fetchpriority=\"high\" decoding=\"async\" width=\"1920\" height=\"808\" src=\"https:\/\/lasvon.vn\/wp-content\/uploads\/2025\/07\/Sequence-01_2.gif\" class=\"attachment-full size-full wp-image-5707\" alt=\"\" \/>\t\t\t\t\t\t\t\t\t\t\t\t\t\t\t<\/div>\n\t\t\t\t<\/div>\n\t\t\t\t\t<\/div>\n\t\t\t\t<\/div>\n\t\t<div class=\"elementor-element elementor-element-035fac6 e-con-full e-flex kitify-col-width-auto-no ignore-docs-style-no kitify-disable-relative-no e-root-container elementor-top-section e-con e-parent\" data-id=\"035fac6\" data-element_type=\"container\" data-settings=\"{&quot;content_width&quot;:&quot;full&quot;,&quot;background_background&quot;:&quot;classic&quot;}\" data-core-v316-plus=\"true\">\n\t\t<div class=\"elementor-element elementor-element-7ec1835 e-con-full e-flex kitify-col-width-auto-no ignore-docs-style-no kitify-disable-relative-no e-con e-child\" data-id=\"7ec1835\" data-element_type=\"container\" data-settings=\"{&quot;content_width&quot;:&quot;full&quot;}\">\n\t\t\t\t<div class=\"elementor-element elementor-element-cf724f1 elementor-invisible kitify-has-entrance-animation elementor-widget elementor-widget-heading\" data-id=\"cf724f1\" data-element_type=\"widget\" data-settings=\"{&quot;_animation&quot;:&quot;kitifyShortFadeInUp&quot;}\" data-widget_type=\"heading.default\">\n\t\t\t\t<div class=\"elementor-widget-container\">\n\t\t\t<style>\/*! elementor - v3.18.0 - 20-12-2023 *\/\n.elementor-heading-title{padding:0;margin:0;line-height:1}.elementor-widget-heading .elementor-heading-title[class*=elementor-size-]>a{color:inherit;font-size:inherit;line-height:inherit}.elementor-widget-heading .elementor-heading-title.elementor-size-small{font-size:15px}.elementor-widget-heading .elementor-heading-title.elementor-size-medium{font-size:19px}.elementor-widget-heading .elementor-heading-title.elementor-size-large{font-size:29px}.elementor-widget-heading .elementor-heading-title.elementor-size-xl{font-size:39px}.elementor-widget-heading .elementor-heading-title.elementor-size-xxl{font-size:59px}<\/style><h4 class=\"elementor-heading-title elementor-size-default\">C\u00d9NG TR\u1ea2I NGHI\u1ec6M<br>01 B\u01af\u1edaC TI\u1ebeN M\u1edaI V\u1edaI LASVON<\/h4>\t\t<\/div>\n\t\t\t\t<\/div>\n\t\t\t\t<div class=\"elementor-element elementor-element-1b73eae elementor-invisible kitify-has-entrance-animation elementor-widget elementor-widget-heading\" data-id=\"1b73eae\" data-element_type=\"widget\" data-settings=\"{&quot;_animation&quot;:&quot;kitifyShortFadeInUp&quot;,&quot;_animation_delay&quot;:400}\" data-widget_type=\"heading.default\">\n\t\t\t\t<div class=\"elementor-widget-container\">\n\t\t\t<div class=\"elementor-heading-title elementor-size-default\">LASVON l\u00e0 th\u01b0\u01a1ng hi\u1ec7u m\u1ef9 ph\u1ea9m ch\u0103m s\u00f3c da cao c\u1ea5p \u1ee9ng d\u1ee5ng c\u00f4ng ngh\u1ec7 ti\u00ean ti\u1ebfn t\u1eeb Nh\u1eadt B\u1ea3n<\/div>\t\t<\/div>\n\t\t\t\t<\/div>\n\t\t\t\t<div class=\"elementor-element elementor-element-40fcfd7 elementor-invisible kitify-has-entrance-animation elementor-widget elementor-widget-heading\" data-id=\"40fcfd7\" data-element_type=\"widget\" data-settings=\"{&quot;_animation&quot;:&quot;kitifyShortFadeInUp&quot;,&quot;_animation_delay&quot;:500}\" data-widget_type=\"heading.default\">\n\t\t\t\t<div class=\"elementor-widget-container\">\n\t\t\t<h5 class=\"elementor-heading-title elementor-size-large\">CH\u0102M S\u00d3C DA CHUY\u00caN S\u00c2U<br>L\u00c0NH T\u00cdNH HI\u1ec6U QU\u1ea2<br>CHI PH\u00cd H\u1ee2P L\u00dd<br>D\u1ec4 TH\u1ef0C HI\u1ec6N<\/h5>\t\t<\/div>\n\t\t\t\t<\/div>\n\t\t\t\t<\/div>\n\t\t\t\t<\/div>\n\t\t<div class=\"elementor-element elementor-element-524b918 e-flex e-con-boxed kitify-col-width-auto-no ignore-docs-style-no kitify-disable-relative-no e-root-container elementor-top-section e-con e-parent\" data-id=\"524b918\" data-element_type=\"container\" data-settings=\"{&quot;content_width&quot;:&quot;boxed&quot;}\" data-core-v316-plus=\"true\">\n\t\t\t\t\t<div class=\"e-con-inner\">\n\t\t\t\t<div class=\"elementor-element elementor-element-b12502b elementor-invisible kitify-has-entrance-animation elementor-widget elementor-widget-heading\" data-id=\"b12502b\" data-element_type=\"widget\" data-settings=\"{&quot;_animation&quot;:&quot;kitifyShortFadeInUp&quot;,&quot;_animation_delay&quot;:400}\" data-widget_type=\"heading.default\">\n\t\t\t\t<div class=\"elementor-widget-container\">\n\t\t\t<h6 class=\"elementor-heading-title elementor-size-default\">LASVON CLINICAL l\u00e0 th\u01b0\u01a1ng hi\u1ec7u \u1ee9ng d\u1ee5ng c\u00f4ng ngh\u1ec7 ti\u1ebfn ti\u1ebfn t\u1eeb Nh\u1eadt B\u1ea3n v\u1edbi nhi\u1ec1u d\u00f2ng m\u1ef9 ph\u1ea9m chi\u1ebft xu\u1ea5t kh\u00f4ng g\u00e2y k\u00edch \u1ee9ng da, hi\u1ec7u qu\u1ea3 t\u1ed1t, l\u00e0nh t\u00ednh v\u00e0 th\u00e2n thi\u1ec7n v\u1edbi l\u00e0n da.<\/h6>\t\t<\/div>\n\t\t\t\t<\/div>\n\t\t\t\t\t<\/div>\n\t\t\t\t<\/div>\n\t\t<div class=\"elementor-element elementor-element-dc73dca e-flex e-con-boxed kitify-col-width-auto-no ignore-docs-style-no kitify-disable-relative-no e-root-container elementor-top-section e-con e-parent\" data-id=\"dc73dca\" data-element_type=\"container\" data-settings=\"{&quot;content_width&quot;:&quot;boxed&quot;}\" data-core-v316-plus=\"true\">\n\t\t\t\t\t<div class=\"e-con-inner\">\n\t\t<div class=\"elementor-element elementor-element-6207805 e-con-full e-flex kitify-col-width-auto-no ignore-docs-style-no kitify-disable-relative-no e-con e-child\" data-id=\"6207805\" data-element_type=\"container\" data-settings=\"{&quot;content_width&quot;:&quot;full&quot;}\">\n\t\t\t\t<div class=\"elementor-element elementor-element-7000b5b icon-align-right custom-carousel-preset-default kitify-carousel-item-effect-slide elementor-invisible kitify-has-entrance-animation elementor-widget kitify elementor-kitify-woo-categories\" data-id=\"7000b5b\" data-element_type=\"widget\" data-settings=\"{&quot;_animation&quot;:&quot;kitifyShortFadeInUp&quot;,&quot;_animation_delay&quot;:500}\" data-widget_type=\"kitify-woo-categories.default\">\n\t\t\t\t<div class=\"elementor-widget-container\">\n\t\t\t<div class=\"kitify-product-categories custom-style-robeto-02 kitify-carousel\" data-slider_options=\"{&quot;slidesToScroll&quot;:{&quot;desktop&quot;:&quot;1&quot;,&quot;laptop&quot;:&quot;1&quot;,&quot;tablet&quot;:&quot;1&quot;,&quot;mobile_extra&quot;:&quot;1&quot;},&quot;rows&quot;:{&quot;desktop&quot;:&quot;1&quot;,&quot;laptop&quot;:&quot;1&quot;,&quot;tablet&quot;:&quot;1&quot;,&quot;mobile_extra&quot;:&quot;1&quot;},&quot;autoplaySpeed&quot;:5000,&quot;autoplay&quot;:true,&quot;infinite&quot;:false,&quot;centerMode&quot;:false,&quot;pauseOnHover&quot;:false,&quot;pauseOnInteraction&quot;:false,&quot;reverseDirection&quot;:false,&quot;infiniteEffect&quot;:false,&quot;speed&quot;:500,&quot;arrows&quot;:true,&quot;dots&quot;:false,&quot;variableWidth&quot;:false,&quot;prevArrow&quot;:&quot;.kitify-carousel__prev-arrow-7000b5b&quot;,&quot;nextArrow&quot;:&quot;.kitify-carousel__next-arrow-7000b5b&quot;,&quot;dotsElm&quot;:&quot;.kitify-carousel__dots_7000b5b&quot;,&quot;rtl&quot;:false,&quot;effect&quot;:&quot;slide&quot;,&quot;coverflowEffect&quot;:{&quot;rotate&quot;:null,&quot;stretch&quot;:null,&quot;depth&quot;:null,&quot;modifier&quot;:null,&quot;slideShadows&quot;:null},&quot;dotType&quot;:&quot;bullets&quot;,&quot;direction&quot;:&quot;horizontal&quot;,&quot;uniqueID&quot;:&quot;kitify_carousel_7000b5b&quot;,&quot;asFor&quot;:&quot;&quot;,&quot;autoHeight&quot;:false,&quot;slidesToShow&quot;:{&quot;desktop&quot;:3,&quot;mobile&quot;:1,&quot;mobile_extra&quot;:2,&quot;tablet&quot;:3,&quot;laptop&quot;:3}}\" dir=\"ltr\">\r\n  <div class=\"kitify-carousel-inner\">  <div class=\"kitify-product-categories__wrapper swiper-container\" id=\"kitify_carousel_7000b5b\">\r\n      <div class=\"kitify-product-categories__list swiper-wrapper\" data-item_selector=\".kitify-product-categories__item\">\r\n        \t\t\t\t\t\t\t<div class=\"kitify-custom-categories__item swiper-slide\">\r\n\t\t\t\t\t\t\t  <div class=\"kitify-custom-categories__item-inner\">\r\n                  <div class=\"kitify-custom-categories__thumb\">\r\n                    <a href=\"#\" class=\"kitify-custom-categories__link cat_overlay\"><\/a>                    <div class=\"kitify-custom-categories__image-wrap\"><figure class=\"figure__object_fit kitify-custom-categories__image\"><img decoding=\"async\" src=\"https:\/\/lasvon.vn\/wp-content\/uploads\/2025\/08\/laboratory-beaker-analysts-hand-plastic-glove-524463133.png\" title=\"laboratory-beaker-analysts-hand-plastic-glove-524463133\" alt=\"laboratory-beaker-analysts-hand-plastic-glove-524463133\" loading=\"lazy\" \/><\/figure><\/div>                    <div class=\"kitify-custom-categories__button-wrap\">\r\n                      <a href=\"#\" class=\"button kitify-custom-categories__button\"><span class=\"kitify-custom-categories__button-icon\"><i aria-hidden=\"true\" class=\"dlicon arrows-1_tail-right\"><\/i><\/span> <\/a>                    <\/div>\r\n                  <\/div>\r\n                  <div class=\"kitify-custom-categories__content-wrap\">\r\n                    <h2 class=\"kitify-custom-categories__title\"><\/h2>                    <span class=\"kitify-custom-categories__count\"><\/span>                    <span class=\"kitify-custom-categories__desc\"><\/span>                  <\/div>\r\n\t\t\t\t\t\t\t\t<\/div>\r\n              <\/div>\r\n\t\t\t\t\t\t\t\t\t\t\t\t\t\t<div class=\"kitify-custom-categories__item swiper-slide\">\r\n\t\t\t\t\t\t\t  <div class=\"kitify-custom-categories__item-inner\">\r\n                  <div class=\"kitify-custom-categories__thumb\">\r\n                    <a href=\"#\" class=\"kitify-custom-categories__link cat_overlay\"><\/a>                    <div class=\"kitify-custom-categories__image-wrap\"><figure class=\"figure__object_fit kitify-custom-categories__image\"><img decoding=\"async\" src=\"https:\/\/lasvon.vn\/wp-content\/uploads\/2024\/02\/Layer-12-1.jpg\" title=\"Layer 12\" alt=\"Layer 12\" loading=\"lazy\" \/><\/figure><\/div>                    <div class=\"kitify-custom-categories__button-wrap\">\r\n                      <a href=\"#\" class=\"button kitify-custom-categories__button\"><span class=\"kitify-custom-categories__button-icon\"><i aria-hidden=\"true\" class=\"dlicon arrows-1_tail-right\"><\/i><\/span> <\/a>                    <\/div>\r\n                  <\/div>\r\n                  <div class=\"kitify-custom-categories__content-wrap\">\r\n                    <h2 class=\"kitify-custom-categories__title\"><\/h2>                    <span class=\"kitify-custom-categories__count\"><\/span>                    <span class=\"kitify-custom-categories__desc\"><\/span>                  <\/div>\r\n\t\t\t\t\t\t\t\t<\/div>\r\n              <\/div>\r\n\t\t\t\t\t\t\t\t\t\t\t\t\t\t<div class=\"kitify-custom-categories__item swiper-slide\">\r\n\t\t\t\t\t\t\t  <div class=\"kitify-custom-categories__item-inner\">\r\n                  <div class=\"kitify-custom-categories__thumb\">\r\n                    <a href=\"#\" class=\"kitify-custom-categories__link cat_overlay\"><\/a>                    <div class=\"kitify-custom-categories__image-wrap\"><figure class=\"figure__object_fit kitify-custom-categories__image\"><img decoding=\"async\" src=\"https:\/\/lasvon.vn\/wp-content\/uploads\/2024\/02\/Layer-13-1.jpg\" title=\"Layer 13\" alt=\"Layer 13\" loading=\"lazy\" \/><\/figure><\/div>                    <div class=\"kitify-custom-categories__button-wrap\">\r\n                      <a href=\"#\" class=\"button kitify-custom-categories__button\"><span class=\"kitify-custom-categories__button-icon\"><i aria-hidden=\"true\" class=\"dlicon arrows-1_tail-right\"><\/i><\/span> <\/a>                    <\/div>\r\n                  <\/div>\r\n                  <div class=\"kitify-custom-categories__content-wrap\">\r\n                    <h2 class=\"kitify-custom-categories__title\"><\/h2>                    <span class=\"kitify-custom-categories__count\"><\/span>                    <span class=\"kitify-custom-categories__desc\"><\/span>                  <\/div>\r\n\t\t\t\t\t\t\t\t<\/div>\r\n              <\/div>\r\n\t\t\t\t\t\t\t      <\/div>\r\n  <\/div>\r\n  <\/div><div class=\"kitify-carousel__prev-arrow-7000b5b kitify-arrow prev-arrow\"><i aria-hidden=\"true\" class=\"novaicon-arrow-left\"><\/i><\/div><div class=\"kitify-carousel__next-arrow-7000b5b kitify-arrow next-arrow\"><i aria-hidden=\"true\" class=\"novaicon-arrow-right\"><\/i><\/div><\/div>\r\n\t\t<\/div>\n\t\t\t\t<\/div>\n\t\t\t\t<\/div>\n\t\t\t\t\t<\/div>\n\t\t\t\t<\/div>\n\t\t<div class=\"elementor-element elementor-element-76f7b27 e-flex e-con-boxed kitify-col-width-auto-no ignore-docs-style-no kitify-disable-relative-no e-root-container elementor-top-section e-con e-parent\" data-id=\"76f7b27\" data-element_type=\"container\" data-settings=\"{&quot;content_width&quot;:&quot;boxed&quot;}\" data-core-v316-plus=\"true\">\n\t\t\t\t\t<div class=\"e-con-inner\">\n\t\t\t\t<div class=\"elementor-element elementor-element-69f0d22 elementor-invisible kitify-has-entrance-animation elementor-widget elementor-widget-heading\" data-id=\"69f0d22\" data-element_type=\"widget\" data-settings=\"{&quot;_animation&quot;:&quot;kitifyShortFadeInUp&quot;,&quot;_animation_delay&quot;:400}\" data-widget_type=\"heading.default\">\n\t\t\t\t<div class=\"elementor-widget-container\">\n\t\t\t<h6 class=\"elementor-heading-title elementor-size-default\"><p class=\"MsoNormal\"><span style=\"font-size: 15pt; line-height: 107%; font-family: Vollkorn, &quot;serif&quot;; background-image: initial; background-position: initial; background-size: initial; background-repeat: initial; background-attachment: initial; background-origin: initial; background-clip: initial;\">V\u1edbi c\u00e1c th\u00e0nh ph\u1ea7n l\u00e0nh t\u00ednh\nd\u1ecbu nh\u1eb9; ch\u00ednh v\u00ec v\u1eady, LASVON Clinical lu\u00f4n l\u00e0 th\u01b0\u01a1ng hi\u1ec7u ch\u0103m s\u00f3c da s\u1ed1 1 \u0111\u01b0\u1ee3c\nnh\u1eefng l\u00e0n da nh\u1ea1y c\u1ea3m ch\u1ecdn l\u1ef1a. T\u00ecnh tr\u1ea1ng c\u1ee7a l\u00e0n da s\u1ebd lu\u00f4n thay \u0111\u1ed5i t\u00f9y theo\n\u0111i\u1ec1u ki\u1ec7n th\u1eddi ti\u1ebft v\u00e0 s\u1ee9c kh\u1ecfe. C\u00e1c d\u00f2ng s\u1ea3n ph\u1ea9m c\u1ee7a LASVON Clinical c\u00f3 th\u1ec3\ngi\u00fap b\u1ea1n ch\u0103m s\u00f3c da t\u1ed1i \u01b0u t\u1eeb kh\u00e2u l\u00e0m s\u1ea1ch, d\u01b0\u1ee1ng \u1ea9m cho \u0111\u1ebfn l\u00e0m d\u1ecbu da v\u00e0 h\u1ed7\ntr\u1ee3 ch\u0103m s\u00f3c da m\u1ee5n.<\/span><span style=\"font-size: 15pt; line-height: 107%; font-family: Vollkorn, &quot;serif&quot;;\"><br>\n<span style=\"background-image: initial; background-position: initial; background-size: initial; background-repeat: initial; background-attachment: initial; background-origin: initial; background-clip: initial;\">T\u00ednh d\u1ecbu nh\u1eb9 nh\u01b0ng\n\u0111\u1ea7y hi\u1ec7u qu\u1ea3, LASVON Clinical \u0111\u00e3 d\u00e0y c\u00f4ng nghi\u00ean c\u1ee9u c\u00e1c nguy\u00ean li\u1ec7u kh\u00e1c nhau\nv\u00e0 th\u1eed nghi\u1ec7m k\u0129 l\u01b0\u1ee1ng ch\u00fang trong ph\u00f2ng th\u00ed nghi\u1ec7m v\u1edbi c\u00e1c b\u00e1c s\u1ef9 da li\u1ec5u \u0111\u1ec3\ncho ra \u0111\u1eddi nh\u1eefng s\u1ea3n ph\u1ea9m kh\u00f4ng ch\u1ec9 h\u1ed7 tr\u1ee3 c\u1ea3i thi\u1ec7n \u0111\u1ed9 l\u00e3o h\u00f3a c\u1ee7a da, m\u00e0 c\u00f2n gi\u00fap\nl\u00e0m d\u1ecbu da b\u1ecb k\u00edch \u1ee9ng, gi\u00fap l\u00e0n da tr\u1edf n\u00ean kh\u1ecfe m\u1ea1nh, t\u01b0\u01a1i s\u00e1ng v\u00e0 tr\u00e0n \u0111\u1ea7y s\u1ee9c\ns\u1ed1ng. <\/span><br><\/span><\/p><span style=\"font-size: 15pt; line-height: 107%; font-family: Vollkorn, &quot;serif&quot;; background-image: initial; background-position: initial; background-size: initial; background-repeat: initial; background-attachment: initial; background-origin: initial; background-clip: initial;\">V\u1edbi ti\u00eau ch\u00ed lu\u00f4n theo \u0111u\u1ed5i ch\u0103m s\u00f3c da \u201cL\u00e0nh\nt\u00ednh - Hi\u1ec7u qu\u1ea3 h\u1ee3p l\u00ed - Chi ph\u00ed d\u1ec5 th\u1ef1c hi\u1ec7n\u201c, \u0111\u1ebfn nay LASVON Clinical ch\u01b0a\nbao gi\u1edd l\u00e0m kh\u00e1ch h\u00e0ng th\u1ea5t v\u1ecdng.<\/span><\/h6>\t\t<\/div>\n\t\t\t\t<\/div>\n\t\t\t\t\t<\/div>\n\t\t\t\t<\/div>\n\t\t<div class=\"elementor-element elementor-element-518b350 e-flex e-con-boxed kitify-col-width-auto-no ignore-docs-style-no kitify-disable-relative-no e-root-container elementor-top-section e-con e-parent\" data-id=\"518b350\" data-element_type=\"container\" data-settings=\"{&quot;content_width&quot;:&quot;boxed&quot;}\" data-core-v316-plus=\"true\">\n\t\t\t\t\t<div class=\"e-con-inner\">\n\t\t\t\t<div class=\"elementor-element elementor-element-3f63674 elementor-invisible kitify-has-entrance-animation elementor-widget elementor-widget-heading\" data-id=\"3f63674\" data-element_type=\"widget\" data-settings=\"{&quot;_animation&quot;:&quot;kitifyShortFadeInUp&quot;}\" data-widget_type=\"heading.default\">\n\t\t\t\t<div class=\"elementor-widget-container\">\n\t\t\t<h4 class=\"elementor-heading-title elementor-size-small\">Tri\u1ebft l\u00fd b\u1ec1n v\u1eefng t\u1eeb LASVON<\/h4>\t\t<\/div>\n\t\t\t\t<\/div>\n\t\t\t\t<div class=\"elementor-element elementor-element-dfe5408 elementor-widget elementor-widget-heading\" data-id=\"dfe5408\" data-element_type=\"widget\" data-widget_type=\"heading.default\">\n\t\t\t\t<div class=\"elementor-widget-container\">\n\t\t\t<div class=\"elementor-heading-title elementor-size-default\"><p data-start=\"378\" data-end=\"645\"><strong data-start=\"378\" data-end=\"447\">LASVON kh\u00f4ng ng\u1eebng c\u1ea3i ti\u1ebfn \u0111\u1ec3 n\u00e2ng niu l\u00e0n da ph\u00e1i \u0111\u1eb9p m\u1ed7i ng\u00e0y.<\/strong><br data-start=\"447\" data-end=\"450\">\nCh\u00fang t\u00f4i theo \u0111u\u1ed5i gi\u1ea3i ph\u00e1p h\u1ed7 tr\u1ee3 <strong data-start=\"487\" data-end=\"502\">l\u00e0m s\u00e1ng da<\/strong>, <strong data-start=\"504\" data-end=\"543\">gi\u1ea3m thi\u1ec3u c\u00e1c d\u1ea5u hi\u1ec7u l\u00e3o h\u00f3a s\u1edbm<\/strong>, g\u00f3p ph\u1ea7n c\u1ea3i thi\u1ec7n t\u00ecnh tr\u1ea1ng <strong data-start=\"575\" data-end=\"586\">s\u1ea1m n\u00e1m<\/strong> v\u00e0 <strong data-start=\"590\" data-end=\"603\">t\u00e0n nhang<\/strong>, gi\u00fap l\u00e0n da tr\u00f4ng \u0111\u1ec1u m\u00e0u, t\u01b0\u01a1i t\u1eafn h\u01a1n.<\/p>\n<p data-start=\"647\" data-end=\"915\">V\u1edbi t\u1ea7m nh\u00ecn v\u01b0\u1ee3t qua ranh gi\u1edbi c\u1ee7a m\u1ed9t s\u1ea3n ph\u1ea9m ch\u0103m s\u00f3c, LASVON h\u01b0\u1edbng t\u1edbi h\u00e0nh tr\u00ecnh l\u00e0m \u0111\u1eb9p b\u1ec1n v\u1eefng \u2013 t\u1eeb vi\u1ec7c <strong data-start=\"761\" data-end=\"793\">l\u1ef1a ch\u1ecdn c\u00f4ng th\u1ee9c<\/strong> \u0111\u1ebfn vi\u1ec7c <strong data-start=\"851\" data-end=\"914\">gi\u1ea3m thi\u1ec3u t\u00e1c \u0111\u1ed9ng kh\u00f4ng mong mu\u1ed1n \u0111\u1ebfn l\u00e0n da<\/strong>.<\/p>\n<p data-start=\"917\" data-end=\"1075\">Ch\u00fang t\u00f4i tin r\u1eb1ng nh\u1eefng thay \u0111\u1ed5i nh\u1ecf, khi \u0111\u01b0\u1ee3c nu\u00f4i d\u01b0\u1ee1ng \u0111\u00fang c\u00e1ch, c\u00f3 th\u1ec3 t\u1ea1o n\u00ean s\u1ef1 kh\u00e1c bi\u1ec7t l\u1edbn \u2013 kh\u00f4ng ch\u1ec9 cho <strong data-start=\"1035\" data-end=\"1045\">l\u00e0n da<\/strong>, m\u00e0 c\u00f2n cho c\u1ea3 <strong data-start=\"1061\" data-end=\"1074\">cu\u1ed9c s\u1ed1ng<\/strong>.<\/p>\n<p data-start=\"1077\" data-end=\"1151\"><strong data-start=\"1077\" data-end=\"1151\">LASVON \u2013 g\u00ecn gi\u1eef v\u1ebb \u0111\u1eb9p c\u1ee7a b\u1ea1n h\u00f4m nay, v\u00ec m\u1ed9t t\u01b0\u01a1ng lai r\u1ea1ng r\u1ee1 h\u01a1n.<\/strong><\/p><\/div>\t\t<\/div>\n\t\t\t\t<\/div>\n\t\t\t\t\t<\/div>\n\t\t\t\t<\/div>\n\t\t<div class=\"elementor-element elementor-element-696fa18 e-flex e-con-boxed kitify-col-width-auto-no ignore-docs-style-no kitify-disable-relative-no e-root-container elementor-top-section e-con e-parent\" data-id=\"696fa18\" data-element_type=\"container\" data-settings=\"{&quot;content_width&quot;:&quot;boxed&quot;}\" data-core-v316-plus=\"true\">\n\t\t\t\t\t<div class=\"e-con-inner\">\n\t\t\t\t<div class=\"elementor-element elementor-element-58a7fef elementor-widget elementor-widget-image\" data-id=\"58a7fef\" data-element_type=\"widget\" data-widget_type=\"image.default\">\n\t\t\t\t<div class=\"elementor-widget-container\">\n\t\t\t\t\t\t\t\t\t\t\t\t\t\t\t<img decoding=\"async\" width=\"1600\" height=\"674\" src=\"https:\/\/lasvon.vn\/wp-content\/uploads\/2025\/08\/Su-menh-3.gif\" class=\"attachment-full size-full wp-image-5760\" alt=\"\" \/>\t\t\t\t\t\t\t\t\t\t\t\t\t\t\t<\/div>\n\t\t\t\t<\/div>\n\t\t\t\t\t<\/div>\n\t\t\t\t<\/div>\n\t\t\t\t\t\t\t<\/div>\n\t\t","protected":false},"excerpt":{"rendered":"<p>C\u00d9NG TR\u1ea2I NGHI\u1ec6M01 B\u01af\u1edaC TI\u1ebeN M\u1edaI V\u1edaI LASVON LASVON l\u00e0 th\u01b0\u01a1ng hi\u1ec7u m\u1ef9 ph\u1ea9m ch\u0103m s\u00f3c da cao c\u1ea5p \u1ee9ng d\u1ee5ng c\u00f4ng ngh\u1ec7 ti\u00ean ti\u1ebfn t\u1eeb Nh\u1eadt B\u1ea3n CH\u0102M S\u00d3C DA CHUY\u00caN S\u00c2UL\u00c0NH T\u00cdNH HI\u1ec6U QU\u1ea2CHI PH\u00cd H\u1ee2P L\u00ddD\u1ec4 TH\u1ef0C HI\u1ec6N LASVON CLINICAL l\u00e0 th\u01b0\u01a1ng hi\u1ec7u \u1ee9ng d\u1ee5ng c\u00f4ng ngh\u1ec7 ti\u1ebfn ti\u1ebfn t\u1eeb Nh\u1eadt B\u1ea3n v\u1edbi nhi\u1ec1u d\u00f2ng m\u1ef9 ph\u1ea9m\u2026<\/p>\n","protected":false},"author":1,"featured_media":0,"parent":0,"menu_order":0,"comment_status":"closed","ping_status":"closed","template":"elementor_header_footer","meta":{"footnotes":""},"class_list":["post-58","page","type-page","status-publish","hentry"],"_links":{"self":[{"href":"https:\/\/lasvon.vn\/index.php?rest_route=\/wp\/v2\/pages\/58","targetHints":{"allow":["GET"]}}],"collection":[{"href":"https:\/\/lasvon.vn\/index.php?rest_route=\/wp\/v2\/pages"}],"about":[{"href":"https:\/\/lasvon.vn\/index.php?rest_route=\/wp\/v2\/types\/page"}],"author":[{"embeddable":true,"href":"https:\/\/lasvon.vn\/index.php?rest_route=\/wp\/v2\/users\/1"}],"replies":[{"embeddable":true,"href":"https:\/\/lasvon.vn\/index.php?rest_route=%2Fwp%2Fv2%2Fcomments&post=58"}],"version-history":[{"count":82,"href":"https:\/\/lasvon.vn\/index.php?rest_route=\/wp\/v2\/pages\/58\/revisions"}],"predecessor-version":[{"id":5824,"href":"https:\/\/lasvon.vn\/index.php?rest_route=\/wp\/v2\/pages\/58\/revisions\/5824"}],"wp:attachment":[{"href":"https:\/\/lasvon.vn\/index.php?rest_route=%2Fwp%2Fv2%2Fmedia&parent=58"}],"curies":[{"name":"wp","href":"https:\/\/api.w.org\/{rel}","templated":true}]}}