{"id":4082,"date":"2022-09-13T14:49:23","date_gmt":"2022-09-13T14:49:23","guid":{"rendered":"https:\/\/robeto.novaworks.net\/?page_id=3"},"modified":"2024-02-03T14:52:30","modified_gmt":"2024-02-03T14:52:30","slug":"privacy-policy","status":"publish","type":"page","link":"https:\/\/lasvon.vn\/?page_id=4082","title":{"rendered":"H\u01b0\u1edbng d\u1eabn thanh to\u00e1n &#038; mua h\u00e0ng"},"content":{"rendered":"\n<h2 class=\"wp-block-heading\"><strong>1. \u0110\u1eb7t c\u1ecdc:<\/strong><\/h2>\n\n\n\n<p><strong>Qu\u00fd Kh\u00e1ch vui l\u00f2ng \u0111\u1eb7t c\u1ecdc 50%&nbsp;\u0111\u1ed1i v\u1edbi c\u00e1c \u0111\u01a1n h\u00e0ng \u0111\u1eb7t tr\u01b0\u1edbc theo y\u00eau c\u1ea7u.<\/strong><\/p>\n\n\n\n<p>V\u1edbi c\u00e1c \u0111\u01a1n h\u00e0ng \u0111\u1eb7t c\u1ecdc theo y\u00eau c\u1ea7u c\u1ee7a ri\u00eang qu\u00fd kh\u00e1ch h\u00e0ng, Qu\u00fd kh\u00e1ch h\u00e0ng s\u1ebd ph\u1ea3i \u0111\u1eb7t c\u1ecdc&nbsp;50% gi\u00e1 tr\u1ecb \u0111\u01a1n h\u00e0ng sau khi \u0111\u01b0\u1ee3c nh\u00e2n vi\u00ean t\u01b0 v\u1ea5n v\u00e0 ch\u1ed1t \u0111\u01a1n h\u00e0ng.&nbsp;<\/p>\n\n\n\n<p>S\u1ed1 ti\u1ec1n c\u00f2n l\u1ea1i Qu\u00fd kh\u00e1ch s\u1ebd thanh to\u00e1n khi nh\u1eadn h\u00e0ng t\u1eeb LASVON Clinical Vi\u1ec7t Nam.<\/p>\n\n\n\n<h2 class=\"wp-block-heading\"><strong>2. H\u00ecnh th\u1ee9c thanh to\u00e1n:<\/strong><\/h2>\n\n\n\n<p>LASVON Clinical ch\u1ea5p nh\u1eadn c\u00e1c h\u00ecnh th\u1ee9c thanh to\u00e1n sau:<\/p>\n\n\n\n<p><strong>a. T\u1ea1i c\u1eeda h\u00e0ng:<\/strong><\/p>\n\n\n\n<p>&#8211; Thanh to\u00e1n tr\u1ef1c ti\u1ebfp b\u1eb1ng ti\u1ec1n m\u1eb7t.<\/p>\n\n\n\n<p>&#8211; Chuy\u1ec3n kho\u1ea3n ng\u00e2n h\u00e0ng.<\/p>\n\n\n\n<p>&#8211; M\u00e1y qu\u1eb9t th\u1ebb POS.<\/p>\n\n\n\n<p>&#8211; Qu\u00e9t m\u00e3 thanh to\u00e1n VNPay, Momo.<\/p>\n\n\n\n<p><strong>b. Tr\u00ean Website:<\/strong><\/p>\n\n\n\n<p>&#8211; Chuy\u1ec3n kho\u1ea3n ng\u00e2n h\u00e0ng.<\/p>\n\n\n\n<p>&#8211; Qu\u00e9t m\u00e3 thanh to\u00e1n Momo.<\/p>\n\n\n\n<p>&#8211; D\u1ecbch v\u1ee5 COD.<\/p>\n\n\n\n<h2 class=\"wp-block-heading\"><strong>3. Gi\u1ea3i th\u00edch c\u00e1c ph\u01b0\u01a1ng th\u1ee9c thanh to\u00e1n:<\/strong><\/h2>\n\n\n\n<p><strong>a. Thanh to\u00e1n tr\u1ef1c ti\u1ebfp&nbsp;b\u1eb1ng ti\u1ec1n m\u1eb7t:<\/strong><\/p>\n\n\n\n<p>&#8211; Qu\u00fd Kh\u00e1ch&nbsp;s\u1ebd thanh to\u00e1n d\u1ef1a tr\u00ean gi\u00e1 tr\u1ecb h\u00f3a \u0111\u01a1n mua h\u00e0ng t\u1ea1i c\u1eeda h\u00e0ng.<\/p>\n\n\n\n<p>&#8211; S\u1ed1 ti\u1ec1n \u0111\u01b0\u1ee3c t\u00ednh b\u1eb1ng \u0111\u01a1n v\u1ecb ti\u1ec1n t\u1ec7: Vi\u1ec7t Nam \u0110\u1ed3ng, v\u00e0 s\u1eed d\u1ee5ng ti\u1ec1n gi\u1ea5y \u0111\u01b0\u1ee3c xu\u1ea5t h\u00e0nh v\u00e0 cho ph\u00e9p l\u01b0u h\u00e0nh b\u1edfi Ng\u00e2n h\u00e0ng nh\u00e0 n\u01b0\u1edbc Vi\u1ec7t Nam.<\/p>\n\n\n\n<p><strong>b. Chuy\u1ec3n kho\u1ea3n ng\u00e2n h\u00e0ng:<\/strong><\/p>\n\n\n\n<p>&#8211;&nbsp;L\u00e0 h\u00ecnh th\u1ee9c thanh to\u00e1n cho ph\u00e9p Qu\u00fd Kh\u00e1ch&nbsp;thanh to\u00e1n b\u1eb1ng d\u1ecbch v\u1ee5 ng\u00e2n h\u00e0ng tr\u1ef1c tuy\u1ebfn (Internet Banking) ho\u1eb7c Mobile Banking.<\/p>\n\n\n\n<p>&#8211; Kh\u00e1ch h\u00e0ng vui l\u00f2ng s\u1eed d\u1ee5ng d\u1ecbch v\u1ee5 chuy\u1ec3n ti\u1ec1n nh\u1eadn ngay NAPAS 24\/7.<\/p>\n\n\n\n<p>&#8211; \u0110\u01a1n h\u00e0ng ch\u1ec9 \u0111\u01b0\u1ee3c ch\u1ea5p nh\u1eadn thanh to\u00e1n khi s\u1ed1 ti\u1ec1n \u0111\u00e3 \u0111\u1ebfn t\u00e0i kho\u1ea3n \u0111\u01b0\u1ee3c cung c\u1ea5p b\u1edfi LASVON Clinical Vi\u1ec7t Nam v\u00e0 x\u00e1c nh\u1eadn b\u1edfi k\u1ebf to\u00e1n.<\/p>\n\n\n\n<p>S\u1ed1 t\u00e0i kho\u1ea3n \u0111\u01b0\u1ee3c cung c\u1ea5p t\u1ea1i \u0111i\u1ec3m ch\u1ecdn ph\u01b0\u01a1ng th\u1ee9c&nbsp;thanh to\u00e1n c\u1ee7a Qu\u00fd Kh\u00e1ch.<\/p>\n\n\n\n<p><strong>c. M\u00e1y qu\u1eb9t th\u1ebb POS:<\/strong><\/p>\n\n\n\n<p>&#8211; L\u00e0 h\u00ecnh th\u1ee9c thanh to\u00e1n cho ph\u00e9p Qu\u00fd Kh\u00e1ch s\u1eed d\u1ee5ng Th\u1ebb t\u00edn d\u1ee5ng ho\u1eb7c Th\u1ebb ghi n\u1ee3 thu\u1ed9c c\u00e1c h\u1ec7 th\u1ed1ng th\u1ebb Visa, th\u1ebb Mastercard, th\u1ebb JCB, v\u00e0 th\u1ebb American Express (AMEX) \u0111\u1ec3 thanh to\u00e1n t\u1ea1i m\u00e1y POS.<\/p>\n\n\n\n<p>&#8211; Ngo\u00e0i ra th\u1ebb ATM n\u1ed9i \u0111\u1ecba c\u0169ng c\u00f3 th\u1ec3 s\u1eed d\u1ee5ng h\u00ecnh th\u1ee9c thanh to\u00e1n n\u00e0y.<\/p>\n\n\n\n<p>&#8211;&nbsp; Qu\u00fd Kh\u00e1ch s\u1ebd kh\u00f4ng b\u1ecb t\u00ednh ph\u00ed ph\u00e1t sinh khi s\u1eed d\u1ee5ng ph\u01b0\u01a1ng th\u1ee9c n\u00e0y t\u1ea1i c\u1eeda h\u00e0ng.<\/p>\n\n\n\n<p>M\u00e1y POS qu\u1eb9t th\u1ebb t\u1ea1i c\u1eeda h\u00e0ng \u0111\u01b0\u1ee3c cung c\u1ea5p b\u1edfi Ng\u00e2n H\u00e0ng Vietcombank, \u0111\u1ea3m b\u1ea3o t\u00ednh b\u1ea3o m\u1eadt cho Qu\u00fd Kh\u00e1ch.<\/p>\n\n\n\n<p><strong>d. Qu\u00e9t m\u00e3 thanh to\u00e1n VNPay\/Momo:<\/strong><\/p>\n\n\n\n<p><strong>&#8211;<\/strong>&nbsp;L\u00e0 h\u00ecnh th\u1ee9c thanh to\u00e1n cho ph\u00e9p Qu\u00fd Kh\u00e1ch s\u1eed d\u1ee5ng v\u00ed \u0111i\u1ec7n th\u1eed&nbsp;VNPay\/Momo \u0111\u1ec3 thanh to\u00e1n cho \u0111\u01a1n h\u00e0ng.<\/p>\n\n\n\n<p>&#8211; Qu\u00fd Kh\u00e1ch c\u00f3 th\u1ec3 t\u1ea3i \u1ee9ng d\u1ee5ng VNPay\/Momo v\u1ec1 \u0111i\u1ec7n tho\u1ea1i sau \u0111\u00f3 s\u1eed d\u1ee5ng t\u00ednh n\u0103ng Qu\u00e9t M\u00e3 QR \u0111\u1ec3 thanh to\u00e1n cho \u0111\u01a1n h\u00e0ng.<\/p>\n\n\n\n<p>&#8211; Sau khi th\u1ef1c hi\u1ec7n th\u00e0nh c\u00f4ng giao d\u1ecbch, \u0111\u01a1n h\u00e0ng c\u1ee7a Qu\u00fd Kh\u00e1ch s\u1ebd \u0111\u01b0\u1ee3c x\u00e1c nh\u1eadn.<\/p>\n\n\n\n<p><strong>e. D\u1ecbch v\u1ee5 COD:<\/strong><\/p>\n\n\n\n<p><strong>&#8211;&nbsp;<\/strong>B\u00ean c\u1ea1nh nh\u1eefng h\u00ecnh th\u1ee9c thanh to\u00e1n tr\u00ean, b\u1ea1n c\u0169ng c\u00f3 th\u1ec3 l\u1ef1a ch\u1ecdn h\u00ecnh th\u1ee9c thanh to\u00e1n khi nh\u1eadn h\u00e0ng (Cash-On-Delivery) khi th\u1ef1c hi\u1ec7n mua h\u00e0ng tr\u00ean Website c\u1ee7a LASVON Clinical Vi\u1ec7t Nam.<\/p>\n\n\n\n<p>&#8211; V\u1edbi h\u00ecnh th\u1ee9c n\u00e0y, Qu\u00fd Kh\u00e1ch c\u00f3 th\u1ec3 ki\u1ec3m tra h\u00e0ng h\u00f3a l\u00fac nh\u1eadn \u0111\u01b0\u1ee3c h\u00e0ng t\u1eeb \u0110VVC tr\u01b0\u1edbc khi thanh to\u00e1n.<\/p>\n","protected":false},"excerpt":{"rendered":"<p>1. \u0110\u1eb7t c\u1ecdc: Qu\u00fd Kh\u00e1ch vui l\u00f2ng \u0111\u1eb7t c\u1ecdc 50%&nbsp;\u0111\u1ed1i v\u1edbi c\u00e1c \u0111\u01a1n h\u00e0ng \u0111\u1eb7t tr\u01b0\u1edbc theo y\u00eau c\u1ea7u. V\u1edbi c\u00e1c \u0111\u01a1n h\u00e0ng \u0111\u1eb7t c\u1ecdc theo y\u00eau c\u1ea7u c\u1ee7a ri\u00eang qu\u00fd kh\u00e1ch h\u00e0ng, Qu\u00fd kh\u00e1ch h\u00e0ng s\u1ebd ph\u1ea3i \u0111\u1eb7t c\u1ecdc&nbsp;50% gi\u00e1 tr\u1ecb \u0111\u01a1n h\u00e0ng sau khi \u0111\u01b0\u1ee3c nh\u00e2n vi\u00ean t\u01b0 v\u1ea5n v\u00e0 ch\u1ed1t \u0111\u01a1n h\u00e0ng.&nbsp; S\u1ed1 ti\u1ec1n c\u00f2n l\u1ea1i Qu\u00fd\u2026<\/p>\n","protected":false},"author":1,"featured_media":0,"parent":0,"menu_order":0,"comment_status":"closed","ping_status":"closed","template":"","meta":{"footnotes":""},"class_list":["post-4082","page","type-page","status-publish","hentry"],"_links":{"self":[{"href":"https:\/\/lasvon.vn\/index.php?rest_route=\/wp\/v2\/pages\/4082","targetHints":{"allow":["GET"]}}],"collection":[{"href":"https:\/\/lasvon.vn\/index.php?rest_route=\/wp\/v2\/pages"}],"about":[{"href":"https:\/\/lasvon.vn\/index.php?rest_route=\/wp\/v2\/types\/page"}],"author":[{"embeddable":true,"href":"https:\/\/lasvon.vn\/index.php?rest_route=\/wp\/v2\/users\/1"}],"replies":[{"embeddable":true,"href":"https:\/\/lasvon.vn\/index.php?rest_route=%2Fwp%2Fv2%2Fcomments&post=4082"}],"version-history":[{"count":1,"href":"https:\/\/lasvon.vn\/index.php?rest_route=\/wp\/v2\/pages\/4082\/revisions"}],"predecessor-version":[{"id":4702,"href":"https:\/\/lasvon.vn\/index.php?rest_route=\/wp\/v2\/pages\/4082\/revisions\/4702"}],"wp:attachment":[{"href":"https:\/\/lasvon.vn\/index.php?rest_route=%2Fwp%2Fv2%2Fmedia&parent=4082"}],"curies":[{"name":"wp","href":"https:\/\/api.w.org\/{rel}","templated":true}]}}