{"id":3,"date":"2024-01-13T05:59:08","date_gmt":"2024-01-13T05:59:08","guid":{"rendered":"https:\/\/lasvon.vn\/?page_id=3"},"modified":"2024-02-03T14:49:47","modified_gmt":"2024-02-03T14:49:47","slug":"chinh-sach-chung","status":"publish","type":"page","link":"https:\/\/lasvon.vn\/?page_id=3","title":{"rendered":"Ch\u00ednh s\u00e1ch chung"},"content":{"rendered":"\n<p>C\u1ea3m \u01a1n b\u1ea1n \u0111\u00e3 truy c\u1eadp v\u00e0o website: https:\/\/ LASVONClinical.vn.<\/p>\n\n\n\n<p>B\u1eb1ng vi\u1ec7c \u0111\u0103ng k\u00fd d\u1eef li\u1ec7u c\u00e1 nh\u00e2n \u0111\u1ec3 s\u1eed d\u1ee5ng website, \u0111\u1ed3ng ngh\u0129a l\u00e0 kh\u00e1ch h\u00e0ng \u0111\u00e3 th\u1eeba nh\u1eadn, \u0111\u1ed3ng \u00fd tu\u00e2n th\u1ee7 v\u00e0 tin t\u01b0\u1edfng v\u00e0o ch\u00ednh s\u00e1ch b\u1ea3o m\u1eadt n\u00e0y. LASVON Clinical \u0111\u1ec1 ngh\u1ecb kh\u00e1ch h\u00e0ng n\u00ean xem tr\u01b0\u1edbc n\u1ed9i dung \u201cCh\u00ednh s\u00e1ch b\u1ea3o m\u1eadt\u201d d\u01b0\u1edbi \u0111\u00e2y tr\u01b0\u1edbc khi truy c\u1eadp c\u00e1c n\u1ed9i dung kh\u00e1c tr\u00ean website.<\/p>\n\n\n\n<p>Ch\u00fang t\u00f4i lu\u00f4n \u0111\u1ec1 cao t\u00ednh trung th\u1ef1c, minh b\u1ea1ch v\u00e0 cam k\u1ebft b\u1ea3o m\u1eadt nh\u1eefng d\u1eef li\u1ec7u c\u00e1 nh\u00e2n c\u1ee7a kh\u00e1ch h\u00e0ng. Xin vui l\u00f2ng \u0111\u1ecdc b\u1ea3n&nbsp;<strong>Ch\u00ednh s\u00e1ch b\u1ea3o m\u1eadt<\/strong>&nbsp;d\u01b0\u1edbi \u0111\u00e2y \u0111\u1ec3 hi\u1ec3u h\u01a1n nh\u1eefng cam k\u1ebft m\u00e0 ch\u00fang t\u00f4i th\u1ef1c hi\u1ec7n nh\u1eb1m t\u00f4n tr\u1ecdng v\u00e0 b\u1ea3o v\u1ec7 quy\u1ec1n l\u1ee3i c\u1ee7a kh\u00e1ch h\u00e0ng. Ch\u00ednh s\u00e1ch b\u1ea3o m\u1eadt n\u00e0y s\u1ebd \u0111i\u1ec1u ch\u1ec9nh v\u00e0 gi\u1ea3i th\u00edch c\u00e1ch ch\u00fang t\u00f4i ti\u1ebfp nh\u1eadn, s\u1eed d\u1ee5ng v\u00e0 (trong m\u1ed9t s\u1ed1 tr\u01b0\u1eddng h\u1ee3p nh\u1ea5t \u0111\u1ecbnh) ti\u1ebft l\u1ed9, chuy\u1ec3n giao ho\u1eb7c chia s\u1ebb d\u1eef li\u1ec7u c\u00e1 nh\u00e2n c\u1ee7a kh\u00e1ch h\u00e0ng. Ch\u00ednh s\u00e1ch b\u1ea3o m\u1eadt n\u00e0y c\u0169ng quy \u0111\u1ecbnh r\u00f5 c\u00e1c b\u01b0\u1edbc ch\u00fang t\u00f4i ph\u1ea3i th\u1ef1c hi\u1ec7n \u0111\u1ec3 b\u1ea3o m\u1eadt d\u1eef li\u1ec7u c\u00e1 nh\u00e2n c\u1ee7a kh\u00e1ch h\u00e0ng. Cu\u1ed1i c\u00f9ng, Ch\u00ednh s\u00e1ch b\u1ea3o m\u1eadt s\u1ebd gi\u1ea3i th\u00edch quy\u1ec1n l\u1ef1a ch\u1ecdn c\u1ee7a kh\u00e1ch h\u00e0ng v\u1ec1 vi\u1ec7c thu th\u1eadp, s\u1eed d\u1ee5ng v\u00e0 ti\u1ebft l\u1ed9 d\u1eef li\u1ec7u c\u00e1 nh\u00e2n c\u1ee7a m\u00ecnh.<\/p>\n\n\n\n<h2 class=\"wp-block-heading\"><strong>1- Thu th\u1eadp d\u1eef li\u1ec7u c\u00e1 nh\u00e2n<\/strong><\/h2>\n\n\n\n<p>Thu\u1eadt ng\u1eef \u201cD\u1eef li\u1ec7u c\u00e1 nh\u00e2n\u201d trong Ch\u00ednh s\u00e1ch b\u1ea3o m\u1eadt n\u00e0y c\u1ee7a LASVON Clinical bao h\u00e0m ngh\u0129a th\u00f4ng tin nh\u1eadn di\u1ec7n tr\u1ef1c ti\u1ebfp (H\u1ecd t\u00ean kh\u00e1ch h\u00e0ng) ho\u1eb7c gi\u00e1n ti\u1ebfp (C\u00e1c d\u1eef li\u1ec7u \u0111\u01b0\u1ee3c s\u1ed1 hi\u1ec7u h\u00f3a nh\u01b0 ID). Nh\u1eefng lo\u1ea1i d\u1eef li\u1ec7u m\u00e0 ch\u00fang t\u00f4i x\u1eed l\u00fd d\u1ef1a theo ph\u1ea1m vi quy\u1ec1n h\u1ea1n ph\u00e1p lu\u1eadt hi\u1ec7n h\u00e0nh bao g\u1ed3m:<\/p>\n\n\n\n<p>\u2013 T\u00ean c\u00f4ng ty, c\u1eeda h\u00e0ng, \u0111\u01a1n v\u1ecb kinh doanh, \u0111\u1ecba ch\u1ec9 giao d\u1ecbch, m\u00e3 s\u1ed1 thu\u1ebf;<\/p>\n\n\n\n<p>\u2013 H\u1ecd t\u00ean, s\u1ed1 CMND, m\u00e3 s\u1ed1 \u0111\u1ecbnh danh c\u00e1 nh\u00e2n, ng\u00e0y th\u00e1ng n\u0103m sinh;<\/p>\n\n\n\n<p>\u2013 \u0110\u1ecba ch\u1ec9 li\u00ean l\u1ea1c, s\u1ed1 \u0111i\u1ec7n tho\u1ea1i di \u0111\u1ed9ng, s\u1ed1 \u0111i\u1ec7n tho\u1ea1i b\u00e0n, fax, email\u2026;<\/p>\n\n\n\n<p>\u2013 H\u00ecnh \u0111\u1ea1i di\u1ec7n (profile picture);<\/p>\n\n\n\n<p>\u2013 N\u1ed9i dung do ng\u01b0\u1eddi d\u00f9ng t\u1ea1o ra (User Generated Content);<\/p>\n\n\n\n<p>\u2013 \u0110\u1ecba ch\u1ec9 IP m\u00e1y t\u00ednh, \u0111\u1ecba ch\u1ec9 MAC c\u1ee7a \u0111i\u1ec7n tho\u1ea1i di \u0111\u1ed9ng, d\u1eef li\u1ec7u cookie\u2026<\/p>\n\n\n\n<h2 class=\"wp-block-heading\"><strong>2- M\u1ee5c \u0111\u00edch, ph\u1ea1m vi s\u1eed d\u1ee5ng d\u1eef li\u1ec7u c\u00e1 nh\u00e2n<\/strong><\/h2>\n\n\n\n<p>T\u00f9y thu\u1ed9c v\u00e0o m\u1ed1i quan h\u1ec7 c\u1ee7a b\u1ea1n v\u1edbi ch\u00fang t\u00f4i, c\u00e1c d\u1eef li\u1ec7u c\u00e1 nh\u00e2n m\u00e0 ch\u00fang t\u00f4i thu th\u1eadp t\u1eeb b\u1ea1n c\u00f3 th\u1ec3 \u0111\u01b0\u1ee3c thu th\u1eadp, s\u1eed d\u1ee5ng v\u00e0 ti\u1ebft l\u1ed9 cho c\u00e1c m\u1ee5c \u0111\u00edch sau:<\/p>\n\n\n\n<p>(a) \u0111\u1ec3 x\u00e1c minh danh t\u00ednh c\u1ee7a b\u1ea1n v\u00e0 \u0111\u1ec3 qu\u1ea3n l\u00fd t\u00e0i kho\u1ea3n tr\u1ef1c tuy\u1ebfn m\u00e0 b\u1ea1n c\u00f3 th\u1ec3 \u0111\u00e3 thi\u1ebft l\u1eadp v\u1edbi ch\u00fang t\u00f4i;<\/p>\n\n\n\n<p>(b) \u0111\u1ec3 t\u1ea1o \u0111i\u1ec1u ki\u1ec7n cho vi\u1ec7c b\u1ea1n s\u1eed d\u1ee5ng c\u00e1c d\u1ecbch v\u1ee5 ho\u1eb7c truy c\u1eadp v\u00e0o trang web n\u00e0y;<\/p>\n\n\n\n<p>(c) \u0111\u1ec3 x\u1eed l\u00fd c\u00e1c \u0111\u01a1n \u0111\u1eb7t h\u00e0ng b\u1ea1n g\u1eedi qua trang web (bao g\u1ed3m b\u1ea5t k\u1ef3 kho\u1ea3n thanh to\u00e1n n\u00e0o b\u1ea1n th\u1ef1c hi\u1ec7n th\u00f4ng qua trang web \u0111\u1ed1i v\u1edbi c\u00e1c s\u1ea3n ph\u1ea9m, d\u00f9 do ch\u00fang t\u00f4i hay b\u1ea5t k\u1ef3 chi nh\u00e1nh n\u00e0o c\u1ee7a ch\u00fang t\u00f4i b\u00e1n);<\/p>\n\n\n\n<p>(d) \u0111\u1ec3 x\u00e1c minh v\u00e0 th\u1ef1c hi\u1ec7n c\u00e1c giao d\u1ecbch t\u00e0i ch\u00ednh \u0111\u01b0\u1ee3c th\u1ef1c hi\u1ec7n tr\u1ef1c tuy\u1ebfn li\u00ean quan \u0111\u1ebfn thanh to\u00e1n, v\u00e0 \u0111\u1ec3 x\u00e1c \u0111\u1ecbnh danh t\u00ednh c\u1ee7a b\u1ea1n cho vi\u1ec7c ch\u1ed1ng r\u1eeda ti\u1ec1n, b\u00e1o c\u00e1o giao d\u1ecbch \u0111\u00e1ng ng\u1edd v\u00e0 c\u00e1c m\u1ee5c \u0111\u00edch ph\u00e1t hi\u1ec7n gian l\u1eadn;<\/p>\n\n\n\n<p>(e) \u0111\u1ec3 cung c\u1ea5p c\u00e1c s\u1ea3n ph\u1ea9m m\u00e0 b\u1ea1n \u0111\u00e3 mua th\u00f4ng qua trang web n\u00e0y, cho d\u00f9 \u0111\u01b0\u1ee3c b\u00e1n b\u1edfi ch\u00fang t\u00f4i ho\u1eb7c ng\u01b0\u1eddi b\u00e1n l\u00e0 b\u00ean th\u1ee9 ba, v\u00e0 \u0111\u1ec3 x\u00e1c minh vi\u1ec7c giao s\u1ea3n ph\u1ea9m. Ch\u00fang t\u00f4i c\u00f3 th\u1ec3 chuy\u1ec3n d\u1eef li\u1ec7u c\u00e1 nh\u00e2n c\u1ee7a b\u1ea1n cho b\u00ean th\u1ee9 ba \u0111\u1ec3 giao s\u1ea3n ph\u1ea9m cho b\u1ea1n (v\u00ed d\u1ee5: chuy\u1ec3n ph\u00e1t nhanh ho\u1eb7c nh\u00e0 cung c\u1ea5p s\u1ea3n ph\u1ea9m c\u1ee7a ch\u00fang t\u00f4i);<\/p>\n\n\n\n<p>(f) li\u00ean l\u1ea1c v\u1edbi b\u1ea1n \u0111\u1ec3 x\u1eed l\u00fd v\u00e0 tr\u1ea3 l\u1eddi c\u00e1c truy v\u1ea5n, ph\u1ea3n h\u1ed3i, khi\u1ebfu n\u1ea1i ho\u1eb7c tranh ch\u1ea5p c\u1ee7a b\u1ea1n, cho d\u00f9 tr\u1ef1c ti\u1ebfp ho\u1eb7c th\u00f4ng qua b\u1ea5t k\u1ef3 nh\u00e0 cung c\u1ea5p d\u1ecbch v\u1ee5 kh\u00e1ch h\u00e0ng \u0111\u01b0\u1ee3c thu\u00ea \u1edf b\u00ean ngo\u00e0i n\u00e0o;<\/p>\n\n\n\n<p>(g) \u0111\u1ec3 th\u00f4ng b\u00e1o cho b\u1ea1n c\u00e1c th\u01b0\u01a1ng hi\u1ec7u, s\u1ea3n ph\u1ea9m, ch\u01b0\u01a1ng tr\u00ecnh khuy\u1ebfn m\u00e3i c\u1ee7a ch\u00fang t\u00f4i v\u00e0 m\u1eddi b\u1ea1n \u0111\u1ebfn c\u00e1c s\u1ef1 ki\u1ec7n s\u1eafp t\u1edbi c\u1ee7a LASVON Clinical ho\u1eb7c c\u00e1c m\u1ee5c \u0111\u00edch khuy\u1ebfn m\u1ea1i kh\u00e1c;<\/p>\n\n\n\n<p>(h) \u0111\u1ec3 c\u1eadp nh\u1eadt cho b\u1ea1n v\u1ec1 b\u1ea5t k\u1ef3 s\u1ea3n ph\u1ea9m v\u00e0 d\u1ecbch v\u1ee5 n\u00e0o c\u1ee7a ch\u00fang t\u00f4i c\u0169ng nh\u01b0 nh\u1eefng ph\u00e1t tri\u1ec3n m\u1edbi nh\u1ea5t t\u1ea1i LASVON Clinical, cho d\u00f9 tr\u1ef1c ti\u1ebfp ho\u1eb7c th\u00f4ng qua b\u1ea5t k\u1ef3 nh\u00e0 cung c\u1ea5p d\u1ecbch v\u1ee5 kh\u00e1ch h\u00e0ng \u0111\u01b0\u1ee3c thu\u00ea \u1edf b\u00ean ngo\u00e0i n\u00e0o;<\/p>\n\n\n\n<p>(i) \u0111\u1ec3 g\u1eedi cho b\u1ea1n t\u00e0i li\u1ec7u qu\u1ea3ng c\u00e1o \/ khuy\u1ebfn m\u1ea1i t\u1eeb b\u1ea5t k\u1ef3 chi nh\u00e1nh n\u00e0o c\u1ee7a ch\u00fang t\u00f4i, cho d\u00f9 tr\u1ef1c ti\u1ebfp ho\u1eb7c th\u00f4ng qua b\u1ea5t k\u1ef3 \u0111\u1ed1i t\u00e1c qu\u1ea3ng c\u00e1o v\u00e0 chi\u1ebfn l\u01b0\u1ee3c n\u00e0o c\u1ee7a ch\u00fang t\u00f4i;<\/p>\n\n\n\n<p>(j) \u0111\u1ec3 c\u1ea3i thi\u1ec7n trang web n\u00e0y; \u0111\u1ec3 c\u1ea3i thi\u1ec7n c\u00e1c d\u1ecbch v\u1ee5 v\u00e0 s\u1ea3n ph\u1ea9m \u0111\u01b0\u1ee3c b\u00e1n;<\/p>\n\n\n\n<p>(k) th\u1ef1c hi\u1ec7n nghi\u00ean c\u1ee9u th\u1ecb tr\u01b0\u1eddng v\u1ec1 nh\u00e2n kh\u1ea9u h\u1ecdc, s\u1edf th\u00edch v\u00e0 qu\u1ea3ng c\u00e1o ho\u1eb7c mua h\u00e0ng v\u00e0 c\u00e1c h\u00e0nh vi kh\u00e1c c\u1ee7a ng\u01b0\u1eddi d\u00f9ng;<\/p>\n\n\n\n<p>(l) \u0111\u1ec3 cung c\u1ea5p cho b\u1ea1n th\u00f4ng tin m\u00e0 ch\u00fang t\u00f4i cho r\u1eb1ng b\u1ea1n c\u00f3 th\u1ec3 th\u1ea5y h\u1eefu \u00edch ho\u1eb7c b\u1ea1n \u0111\u00e3 y\u00eau c\u1ea7u t\u1eeb ch\u00fang t\u00f4i, bao g\u1ed3m th\u00f4ng tin v\u1ec1 c\u00e1c s\u1ea3n ph\u1ea9m v\u00e0 d\u1ecbch v\u1ee5 c\u1ee7a ch\u00fang t\u00f4i ho\u1eb7c c\u1ee7a chi nh\u00e1nh c\u1ee7a ch\u00fang t\u00f4i, mi\u1ec5n l\u00e0 b\u1ea1n kh\u00f4ng th\u1ec3 hi\u1ec7n s\u1ef1 ph\u1ea3n \u0111\u1ed1i khi \u0111\u01b0\u1ee3c li\u00ean l\u1ea1c cho c\u00e1c m\u1ee5c \u0111\u00edch \u0111\u00f3;<\/p>\n\n\n\n<p>(m) tu\u00e2n th\u1ee7 m\u1ec7nh l\u1ec7nh c\u1ee7a t\u00f2a \u00e1n ho\u1eb7c quy tr\u00ecnh ph\u00e1p l\u00fd kh\u00e1c ho\u1eb7c c\u00e1c y\u00eau c\u1ea7u ph\u00e1p l\u00fd v\u00e0 \/ ho\u1eb7c quy \u0111\u1ecbnh kh\u00e1c c\u1ee7a b\u1ea5t k\u1ef3 c\u01a1 quan ch\u00ednh ph\u1ee7 v\u00e0 \/ ho\u1eb7c c\u01a1 quan qu\u1ea3n l\u00fd n\u00e0o; v\u00e0<\/p>\n\n\n\n<p>(n) b\u1ea5t k\u1ef3 m\u1ee5c \u0111\u00edch n\u00e0o \u0111\u01b0\u1ee3c m\u00f4 t\u1ea3 cho b\u1ea1n t\u1ea1i th\u1eddi \u0111i\u1ec3m thu th\u1eadp d\u1eef li\u1ec7u c\u00e1 nh\u00e2n c\u1ee7a b\u1ea1n.<\/p>\n\n\n\n<p>Ch\u00fang t\u00f4i c\u00f3 th\u1ec3 c\u00f4ng b\u1ed1 cho b\u00ean th\u1ee9 ba nh\u01b0 \u0111\u1ea1i l\u00fd, c\u00e1c nh\u00e0 cung c\u1ea5p c\u00f3 li\u00ean quan kh\u00e1c nh\u1eb1m \u0111\u00e1p \u1ee9ng d\u1ecbch v\u1ee5 t\u1ed1t nh\u1ea5t cho kh\u00e1ch h\u00e0ng. LASVON Clinical cam k\u1ebft c\u00e1c nh\u00e2n vi\u00ean, c\u00e1n b\u1ed9, \u0111\u1ea1i l\u00fd, b\u1ed9 ph\u1eadn t\u01b0 v\u1ea5n ho\u1eb7c b\u00ean th\u1ee9 ba \u0111\u01b0\u1ee3c \u0111\u1ec1 c\u1eadp \u1edf tr\u00ean c\u00f3 li\u00ean quan t\u1edbi vi\u1ec7c thu th\u1eadp, x\u1eed l\u00fd v\u00e0 l\u01b0u gi\u1eef th\u00f4ng tin kh\u00e1ch h\u00e0ng s\u1ebd n\u1eafm ch\u1eafc v\u00e0 tu\u00e2n th\u1ee7 tuy\u1ec7t \u0111\u1ed1i Ch\u00ednh s\u00e1ch b\u1ea3o m\u1eadt n\u00e0y.<\/p>\n\n\n\n<h2 class=\"wp-block-heading\"><strong>3- S\u1eed d\u1ee5ng Cookie<\/strong><\/h2>\n\n\n\n<p>Cookie l\u00e0 t\u1eadp tin v\u0103n b\u1ea3n nh\u1ecf c\u00f3 th\u1ec3 nh\u1eadn d\u1ea1ng t\u00ean truy c\u1eadp duy nh\u1ea5t t\u1eeb m\u00e1y t\u00ednh c\u1ee7a b\u1ea1n \u0111\u1ebfn m\u00e1y ch\u1ee7 c\u1ee7a ch\u00fang t\u00f4i, khi b\u1ea1n truy c\u1eadp v\u00e0o c\u00e1c trang nh\u1ea5t \u0111\u1ecbnh v\u00e0 \u0111\u01b0\u1ee3c l\u01b0u b\u1edfi tr\u00ecnh duy\u1ec7t Internet l\u00ean \u1ed5 c\u1ee9ng m\u00e1y t\u00ednh. Cookie \u0111\u01b0\u1ee3c d\u00f9ng \u0111\u1ec3 nh\u1eadn d\u1ea1ng \u0111\u1ecba ch\u1ec9 IP, l\u01b0u l\u1ea1i th\u1eddi gian, gi\u00fap kh\u00e1ch h\u00e0ng ti\u1ec7n theo d\u00f5i trang web (v\u00ed d\u1ee5: ghi nh\u1edb t\u00ean truy c\u1eadp khi b\u1ea1n mu\u1ed1n v\u00e0o thay \u0111\u1ed5i l\u1ea1i gi\u1ecf mua h\u00e0ng m\u00e0 kh\u00f4ng c\u1ea7n ph\u1ea3i nh\u1eadp l\u1ea1i \u0111\u1ecba ch\u1ec9 email c\u1ee7a m\u00ecnh) m\u00e0 kh\u00f4ng \u0111\u00f2i h\u1ecfi b\u1ea5t k\u1ef3 th\u00f4ng tin n\u00e0o kh\u00e1c.<\/p>\n\n\n\n<h2 class=\"wp-block-heading\"><strong>4- Th\u1eddi gian l\u01b0u tr\u1eef d\u1eef li\u1ec7u<\/strong><\/h2>\n\n\n\n<p>LASVON Clinical l\u01b0u tr\u1eef d\u1eef li\u1ec7u c\u00e1 nh\u00e2n do kh\u00e1ch h\u00e0ng cung c\u1ea5p tr\u00ean h\u1ec7 th\u1ed1ng n\u1ed9i b\u1ed9. Th\u1eddi gian l\u01b0u tr\u1eef ph\u1ee5 thu\u1ed9c v\u00e0o qu\u00e1 tr\u00ecnh cung c\u1ea5p d\u1ecbch v\u1ee5, c\u00f3 th\u1ec3 l\u00e0 \u0111\u1ebfn khi \u0111\u00e3 ho\u00e0n th\u00e0nh m\u1ee5c \u0111\u00edch thu th\u1eadp ho\u1eb7c kh\u00e1ch h\u00e0ng c\u00f3 ph\u1ea3n h\u1ed3i y\u00eau c\u1ea7u h\u1ee7y c\u00e1c d\u1eef li\u1ec7u c\u00e1 nh\u00e2n \u0111\u00e3 chia s\u1ebb tr\u01b0\u1edbc \u0111\u00f3.<\/p>\n\n\n\n<h2 class=\"wp-block-heading\"><strong>5- Ph\u01b0\u01a1ng ti\u1ec7n \u0111\u1ec3 ng\u01b0\u1eddi d\u00f9ng ti\u1ebfp c\u1eadn v\u00e0 ch\u1ec9nh s\u1eeda d\u1eef li\u1ec7u c\u00e1 nh\u00e2n<\/strong><\/h2>\n\n\n\n<p>Tr\u01b0\u1eddng h\u1ee3p kh\u00e1ch h\u00e0ng mu\u1ed1n ch\u1ec9nh s\u1eeda d\u1eef li\u1ec7u c\u00e1 nh\u00e2n c\u1ee7a m\u00ecnh ho\u1eb7c th\u1ef1c hi\u1ec7n c\u00e1c quy\u1ec1n kh\u00e1c c\u1ee7a ch\u1ee7 th\u1ec3 d\u1eef li\u1ec7u, vui l\u00f2ng th\u1ec3 li\u00ean h\u1ec7 tr\u1ef1c ti\u1ebfp v\u1edbi B\u1ed9 ph\u1eadn Ch\u0103m s\u00f3c kh\u00e1ch h\u00e0ng c\u1ee7a LASVON Clinical qua c\u00e1c ph\u01b0\u01a1ng ti\u1ec7n:<\/p>\n\n\n\n<p>\u2013 Hotline: 0973 78 2001 \u2013 1900 6409<\/p>\n\n\n\n<p>\u2013 Fanpage Facebook:&nbsp;<a href=\"https:\/\/www.facebook.com\/lasvonclinical.vn\/\">https:\/\/www.facebook.com\/lasvonclinical.vn\/<\/a><\/p>\n\n\n\n<p>\u2013 Website:&nbsp;<a href=\"https:\/\/paulaschoice.vn\/\">https:\/lasvonclinical.vn\/<\/a><\/p>\n\n\n\n<p>\u2013 Email: lasvonvietnam@lasvon.vn<\/p>\n\n\n\n<h2 class=\"wp-block-heading\"><strong>6- H\u1eadu qu\u1ea3, thi\u1ec7t h\u1ea1i kh\u00f4ng mong mu\u1ed1n c\u00f3 kh\u1ea3 n\u0103ng x\u1ea3y ra v\u1edbi d\u1eef li\u1ec7u c\u00e1 nh\u00e2n c\u1ee7a kh\u00e1ch h\u00e0ng<\/strong><\/h2>\n\n\n\n<p>Trong qu\u00e1 tr\u00ecnh thu th\u1eadp v\u00e0 x\u1eed l\u00fd d\u1eef li\u1ec7u c\u00e1 nh\u00e2n c\u1ee7a kh\u00e1ch h\u00e0ng, c\u00f3 th\u1ec3 c\u00f3 nh\u1eefng s\u1ef1 c\u1ed1 v\u00e0 thi\u1ec7t h\u1ea1i kh\u00f4ng mong mu\u1ed1n nh\u01b0ng c\u00f3 kh\u1ea3 n\u0103ng x\u1ea3y ra nh\u01b0:<\/p>\n\n\n\n<ul class=\"wp-block-list\">\n<li>C\u00e1c s\u1ef1 ki\u1ec7n b\u1ea5t kh\u1ea3 kh\u00e1ng nh\u01b0 thi\u00ean tai, \u0111\u1ed9ng \u0111\u1ea5t, h\u1ecfa ho\u1ea1n, t\u1ea5n c\u00f4ng kh\u1ee7ng b\u1ed1 d\u1eabn \u0111\u1ebfn s\u1ef1 c\u1ed1 h\u01b0 h\u1ecfng, thi\u1ec7t h\u1ea1i ph\u1ea7n c\u1ee9ng c\u1ee7a h\u1ec7 th\u1ed1ng l\u01b0u tr\u1eef v\u00e0 x\u1eed l\u00fd d\u1eef li\u1ec7u c\u1ee7a ch\u00fang t\u00f4i;<\/li>\n\n\n\n<li>C\u00e1c cu\u1ed9c t\u1ea5n c\u00f4ng v\u1edbi m\u1ee5c \u0111\u00edch truy c\u1eadp v\u00e0 chi\u1ebfm \u0111o\u1ea1t tr\u00e1i ph\u00e9p d\u1eef li\u1ec7u l\u01b0u tr\u1eef tr\u00ean h\u1ec7 th\u1ed1ng c\u1ee7a ch\u00fang t\u00f4i.<\/li>\n<\/ul>\n\n\n\n<p>\u0110\u1ec3 h\u1ea1n ch\u1ebf v\u00e0 ph\u00f2ng tr\u00e1nh c\u00e1c h\u1eadu qu\u1ea3, thi\u1ec7t h\u1ea1i n\u00e0y, LASVON Clinical ti\u1ebfn h\u00e0nh c\u00e1c bi\u1ec7n ph\u00e1p th\u00edch h\u1ee3p v\u1ec1 k\u1ef9 thu\u1eadt v\u00e0 an ninh nh\u01b0 cam k\u1ebft t\u1ea1i M\u1ee5c 7 d\u01b0\u1edbi \u0111\u00e2y.<\/p>\n\n\n\n<h2 class=\"wp-block-heading\"><strong>7- Cam k\u1ebft b\u1ea3o m\u1eadt d\u1eef li\u1ec7u kh\u00e1ch h\u00e0ng<\/strong><\/h2>\n\n\n\n<p>Ch\u00fang t\u00f4i cam k\u1ebft b\u1ea3o v\u1ec7 th\u00f4ng tin c\u00e1 nh\u00e2n c\u1ee7a kh\u00e1ch h\u00e0ng kh\u1ecfi c\u00e1c r\u1ee7i ro b\u1ea5t h\u1ee3p ph\u00e1p ho\u1eb7c kh\u00f4ng \u0111\u00fang m\u1ee5c \u0111\u00edch. Ch\u00fang t\u00f4i s\u1eed d\u1ee5ng c\u00e1c bi\u1ec7n ph\u00e1p b\u1ea3o m\u1eadt v\u1eadt l\u00fd, k\u1ef9 thu\u1eadt s\u1ed1 v\u00e0 qu\u1ea3n l\u00fd \u0111\u1ec3 b\u1ea3o v\u1ec7 th\u00f4ng tin c\u1ee7a kh\u00e1ch h\u00e0ng. Ch\u00fang t\u00f4i c\u0169ng cam k\u1ebft gi\u1eef th\u00f4ng tin c\u00e1 nh\u00e2n c\u1ee7a kh\u00e1ch h\u00e0ng trong th\u1eddi gian c\u1ea7n thi\u1ebft \u0111\u1ec3 cung c\u1ea5p c\u00e1c s\u1ea3n ph\u1ea9m v\u00e0 d\u1ecbch v\u1ee5, tr\u1eeb khi c\u00f3 y\u00eau c\u1ea7u ph\u00e1p l\u00fd ho\u1eb7c ch\u00ednh s\u00e1ch c\u1ee7a ch\u00fang t\u00f4i y\u00eau c\u1ea7u l\u01b0u tr\u1eef l\u00e2u h\u01a1n.&nbsp;<\/p>\n\n\n\n<p>Ch\u00fang t\u00f4i lu\u00f4n n\u1ed7 l\u1ef1c \u0111\u1ec3 gi\u1eef an to\u00e0n th\u00f4ng tin c\u00e1 nh\u00e2n c\u1ee7a kh\u00e1ch h\u00e0ng, ch\u00fang t\u00f4i \u0111\u00e3 v\u00e0 \u0111ang th\u1ef1c hi\u1ec7n nhi\u1ec1u bi\u1ec7n ph\u00e1p an to\u00e0n, bao g\u1ed3m:<\/p>\n\n\n\n<ul class=\"wp-block-list\">\n<li>B\u1ea3o \u0111\u1ea3m an to\u00e0n trong m\u00f4i tr\u01b0\u1eddng v\u1eadn h\u00e0nh: ch\u00fang t\u00f4i l\u01b0u tr\u1eef th\u00f4ng tin c\u00e1 nh\u00e2n kh\u00e1ch h\u00e0ng trong m\u00f4i tr\u01b0\u1eddng v\u1eadn h\u00e0nh an to\u00e0n v\u00e0 ch\u1ec9 c\u00f3 nh\u00e2n vi\u00ean, \u0111\u1ea1i di\u1ec7n v\u00e0 nh\u00e0 cung c\u1ea5p d\u1ecbch v\u1ee5 c\u00f3 th\u1ec3 truy c\u1eadp tr\u00ean c\u01a1 s\u1edf c\u1ea7n ph\u1ea3i bi\u1ebft. Ch\u00fang t\u00f4i tu\u00e2n theo c\u00e1c ti\u00eau chu\u1ea9n ng\u00e0nh, ph\u00e1p lu\u1eadt trong vi\u1ec7c b\u1ea3o m\u1eadt th\u00f4ng tin c\u00e1 nh\u00e2n kh\u00e1ch h\u00e0ng.<\/li>\n\n\n\n<li>Trong tr\u01b0\u1eddng h\u1ee3p m\u00e1y ch\u1ee7 l\u01b0u tr\u1eef th\u00f4ng tin b\u1ecb hacker t\u1ea5n c\u00f4ng d\u1eabn \u0111\u1ebfn m\u1ea5t m\u00e1t d\u1eef li\u1ec7u c\u00e1 nh\u00e2n kh\u00e1ch h\u00e0ng, ch\u00fang t\u00f4i s\u1ebd c\u00f3 tr\u00e1ch nhi\u1ec7m th\u00f4ng b\u00e1o v\u1ee5 vi\u1ec7c cho c\u01a1 quan ch\u1ee9c n\u0103ng \u0111\u1ec3 \u0111i\u1ec1u tra x\u1eed l\u00fd k\u1ecbp th\u1eddi v\u00e0 th\u00f4ng b\u00e1o cho kh\u00e1ch h\u00e0ng \u0111\u01b0\u1ee3c bi\u1ebft.<\/li>\n\n\n\n<li>C\u00e1c th\u00f4ng tin thanh to\u00e1n: \u0111\u01b0\u1ee3c b\u1ea3o m\u1eadt theo ti\u00eau chu\u1ea9n ng\u00e0nh.<\/li>\n<\/ul>\n\n\n\n<p><strong><em>7.1. Qu\u1ea3n l\u00fd th\u00f4ng tin<\/em><\/strong><\/p>\n\n\n\n<p>Kh\u00e1ch h\u00e0ng c\u00f3 quy\u1ec1n cung c\u1ea5p th\u00f4ng tin c\u00e1 nh\u00e2n cho ch\u00fang t\u00f4i v\u00e0 c\u00f3 th\u1ec3 thay \u0111\u1ed5i quy\u1ebft \u0111\u1ecbnh \u0111\u00f3 v\u00e0o b\u1ea5t c\u1ee9 l\u00fac n\u00e0o.<\/p>\n\n\n\n<p>Ch\u00fang t\u00f4i s\u1ebd c\u1eadp nh\u1eadt th\u00f4ng tin c\u00e1 nh\u00e2n c\u1ee7a kh\u00e1ch h\u00e0ng khi \u0111\u01b0\u1ee3c y\u00eau c\u1ea7u ho\u1eb7c khi ch\u00fang t\u00f4i ph\u00e1t hi\u1ec7n th\u00f4ng tin b\u1ecb sai ho\u1eb7c thi\u1ebfu s\u00f3t.&nbsp;<\/p>\n\n\n\n<p>Kh\u00e1ch h\u00e0ng c\u00f3 quy\u1ec1n t\u1ef1 ki\u1ec3m tra, c\u1eadp nh\u1eadt, \u0111i\u1ec1u ch\u1ec9nh th\u00f4ng tin c\u00e1 nh\u00e2n c\u1ee7a m\u00ecnh b\u1eb1ng c\u00e1ch \u0111\u0103ng nh\u1eadp v\u00e0o t\u00e0i kho\u1ea3n v\u00e0 ch\u1ec9nh s\u1eeda th\u00f4ng tin c\u00e1 nh\u00e2n ho\u1eb7c y\u00eau c\u1ea7u ch\u00fang t\u00f4i th\u1ef1c hi\u1ec7n vi\u1ec7c n\u00e0y.<\/p>\n\n\n\n<p>Kh\u00e1ch h\u00e0ng g\u1eedi th\u01b0 \u0111i\u1ec7n t\u1eed v\u1ec1 \u0111\u1ecba ch\u1ec9&nbsp;<strong>lasvonvietnam@lasvon.vn<\/strong>&nbsp;\u0111\u1ec3 y\u00eau c\u1ea7u x\u00f3a b\u1ecf th\u00f4ng tin c\u00e1 nh\u00e2n ho\u00e0n to\u00e0n kh\u1ecfi h\u1ec7 th\u1ed1ng.<\/p>\n\n\n\n<p>L\u01b0u \u00fd: Th\u00f4ng tin \u0111\u01a1n h\u00e0ng kh\u00f4ng th\u1ec3 thay \u0111\u1ed5i sau khi Qu\u00fd Kh\u00e1ch th\u1ef1c hi\u1ec7n \u0111\u1eb7t h\u00e0ng th\u00e0nh c\u00f4ng. N\u1ebfu c\u1ea7n h\u1ed7 tr\u1ee3, Qu\u00fd Kh\u00e1ch vui l\u00f2ng li\u00ean h\u1ec7 v\u1edbi ch\u00fang t\u00f4i theo th\u00f4ng tin \u0111\u00e3 cung c\u1ea5p \u1edf tr\u00ean.<\/p>\n\n\n\n<p><strong><em>7.2. Thay \u0111\u1ed5i ch\u00ednh s\u00e1ch&nbsp;<\/em><\/strong><\/p>\n\n\n\n<p>Ch\u00fang t\u00f4i c\u00f3 th\u1ec3 thay \u0111\u1ed5i ch\u00ednh s\u00e1ch b\u1ea3o m\u1eadt n\u00e0y \u0111\u1ec3 ph\u00f9 h\u1ee3p v\u1edbi c\u00e1c y\u00eau c\u1ea7u ph\u00e1p l\u00fd ho\u1eb7c \u0111\u1ec3 c\u1ea3i thi\u1ec7n tr\u1ea3i nghi\u1ec7m c\u1ee7a kh\u00e1ch h\u00e0ng tr\u00ean trang web c\u1ee7a ch\u00fang t\u00f4i.&nbsp;<\/p>\n\n\n\n<p>Ch\u00fang t\u00f4i s\u1ebd th\u00f4ng b\u00e1o cho kh\u00e1ch h\u00e0ng v\u1ec1 b\u1ea5t k\u1ef3 thay \u0111\u1ed5i n\u00e0o tr\u00ean trang web c\u1ee7a ch\u00fang t\u00f4i.&nbsp;<\/p>\n\n\n\n<p><strong><em>7.3. Li\u00ean h\u1ec7 v\u00e0 khi\u1ebfu n\u1ea1i:<\/em><\/strong><\/p>\n\n\n\n<p>N\u1ebfu kh\u00e1ch h\u00e0ng c\u00f3 b\u1ea5t k\u1ef3 c\u00e2u h\u1ecfi,&nbsp;y\u00eau c\u1ea7u ho\u1eb7c khi\u1ebfu n\u1ea1i li\u00ean quan&nbsp;\u0111\u1ebfn ch\u00ednh s\u00e1ch b\u1ea3o m\u1eadt c\u1ee7a ch\u00fang t\u00f4i, vui l\u00f2ng li\u00ean h\u1ec7 v\u1edbi ch\u00fang t\u00f4i v\u00e0 l\u00e0m theo h\u01b0\u1edbng d\u1eabn qua:<\/p>\n\n\n\n<ul class=\"wp-block-list\">\n<li>G\u1ecdi \u0111i\u1ec7n tho\u1ea1i \u0111\u1ebfn hotline:&nbsp;<strong>0942.045.679<\/strong><\/li>\n\n\n\n<li>G\u1eedi th\u01b0 \u0111i\u1ec7n t\u1eed \u0111\u1ebfn \u0111\u1ecba ch\u1ec9 email:&nbsp;<strong>lasvonvietnam@lasvon.vn<\/strong><\/li>\n\n\n\n<li>Ch\u00fang t\u00f4i cam k\u1ebft \u0111\u1ea3m b\u1ea3o r\u1eb1ng th\u00f4ng tin c\u00e1 nh\u00e2n c\u1ee7a kh\u00e1ch h\u00e0ng \u0111\u01b0\u1ee3c b\u1ea3o m\u1eadt v\u00e0 \u0111\u01b0\u1ee3c s\u1eed d\u1ee5ng \u0111\u00fang m\u1ee5c \u0111\u00edch. C\u1ea3m \u01a1n b\u1ea1n \u0111\u00e3 tin t\u01b0\u1edfng v\u00e0 s\u1eed d\u1ee5ng d\u1ecbch v\u1ee5 c\u1ee7a ch\u00fang t\u00f4i.<\/li>\n<\/ul>\n","protected":false},"excerpt":{"rendered":"<p>C\u1ea3m \u01a1n b\u1ea1n \u0111\u00e3 truy c\u1eadp v\u00e0o website: https:\/\/ LASVONClinical.vn. B\u1eb1ng vi\u1ec7c \u0111\u0103ng k\u00fd d\u1eef li\u1ec7u c\u00e1 nh\u00e2n \u0111\u1ec3 s\u1eed d\u1ee5ng website, \u0111\u1ed3ng ngh\u0129a l\u00e0 kh\u00e1ch h\u00e0ng \u0111\u00e3 th\u1eeba nh\u1eadn, \u0111\u1ed3ng \u00fd tu\u00e2n th\u1ee7 v\u00e0 tin t\u01b0\u1edfng v\u00e0o ch\u00ednh s\u00e1ch b\u1ea3o m\u1eadt n\u00e0y. LASVON Clinical \u0111\u1ec1 ngh\u1ecb kh\u00e1ch h\u00e0ng n\u00ean xem tr\u01b0\u1edbc n\u1ed9i dung \u201cCh\u00ednh s\u00e1ch b\u1ea3o m\u1eadt\u201d d\u01b0\u1edbi \u0111\u00e2y\u2026<\/p>\n","protected":false},"author":1,"featured_media":0,"parent":0,"menu_order":0,"comment_status":"closed","ping_status":"closed","template":"","meta":{"footnotes":""},"class_list":["post-3","page","type-page","status-publish","hentry"],"_links":{"self":[{"href":"https:\/\/lasvon.vn\/index.php?rest_route=\/wp\/v2\/pages\/3","targetHints":{"allow":["GET"]}}],"collection":[{"href":"https:\/\/lasvon.vn\/index.php?rest_route=\/wp\/v2\/pages"}],"about":[{"href":"https:\/\/lasvon.vn\/index.php?rest_route=\/wp\/v2\/types\/page"}],"author":[{"embeddable":true,"href":"https:\/\/lasvon.vn\/index.php?rest_route=\/wp\/v2\/users\/1"}],"replies":[{"embeddable":true,"href":"https:\/\/lasvon.vn\/index.php?rest_route=%2Fwp%2Fv2%2Fcomments&post=3"}],"version-history":[{"count":2,"href":"https:\/\/lasvon.vn\/index.php?rest_route=\/wp\/v2\/pages\/3\/revisions"}],"predecessor-version":[{"id":4700,"href":"https:\/\/lasvon.vn\/index.php?rest_route=\/wp\/v2\/pages\/3\/revisions\/4700"}],"wp:attachment":[{"href":"https:\/\/lasvon.vn\/index.php?rest_route=%2Fwp%2Fv2%2Fmedia&parent=3"}],"curies":[{"name":"wp","href":"https:\/\/api.w.org\/{rel}","templated":true}]}}