{"id":12,"date":"2024-02-03T14:54:27","date_gmt":"2024-02-03T14:54:27","guid":{"rendered":"https:\/\/lasvon.vn\/?page_id=12"},"modified":"2024-02-03T14:54:28","modified_gmt":"2024-02-03T14:54:28","slug":"refund_returns-2","status":"publish","type":"page","link":"https:\/\/lasvon.vn\/?page_id=12","title":{"rendered":"Ch\u00ednh s\u00e1ch v\u1eadn chuy\u1ec3n"},"content":{"rendered":"\n<p>Nh\u1eb1m \u0111\u00e1p \u1ee9ng nhu c\u1ea7u mua s\u1eafm tr\u1ef1c tuy\u1ebfn ng\u00e0y c\u00e0ng cao c\u1ee7a kh\u00e1ch h\u00e0ng, LASVON Clinical h\u00e2n h\u1ea1nh g\u1eedi t\u1edbi Qu\u00fd kh\u00e1ch h\u00e0ng ch\u00ednh s\u00e1ch v\u1eadn chuy\u1ec3n \u0111\u1ed1i v\u1edbi c\u00e1c kh\u00e1ch h\u00e0ng \u0111\u1eb7t mua tr\u1ef1c tuy\u1ebfn. V\u1edbi \u01b0u \u0111i\u1ec3m nhanh ch\u00f3ng v\u1ec1 th\u1ee7 t\u1ee5c, thu\u1eadn ti\u1ec7n v\u00e0 linh ho\u1ea1t trong kh\u00e2u v\u1eadn chuy\u1ec3n, ch\u00fang t\u00f4i hy v\u1ecdng s\u1ebd l\u00e0m h\u00e0i l\u00f2ng kh\u00e1ch h\u00e0ng.<\/p>\n\n\n\n<p>Ch\u00ednh s\u00e1ch v\u1eadn chuy\u1ec3n c\u1ee7a LASVON Clinical g\u1ed3m nh\u1eefng th\u00f4ng tin nh\u01b0 sau:<\/p>\n\n\n\n<h2 class=\"wp-block-heading\"><strong>1. \u0110\u1eb7t h\u00e0ng v\u00e0 x\u00e1c nh\u1eadn \u0111\u01a1n h\u00e0ng<\/strong><\/h2>\n\n\n\n<p>Khi \u0111\u1eb7t h\u00e0ng, Qu\u00fd kh\u00e1ch vui l\u00f2ng cung c\u1ea5p \u0111\u1ea7y \u0111\u1ee7 v\u00e0 ch\u00ednh x\u00e1c c\u00e1c th\u00f4ng tin c\u1ea7n thi\u1ebft theo y\u00eau c\u1ea7u \u0111\u1ec3 t\u1ea1o \u0111i\u1ec1u ki\u1ec7n thu\u1eadn l\u1ee3i cho ch\u00fang t\u00f4i trong vi\u1ec7c v\u1eadn chuy\u1ec3n s\u1ea3n ph\u1ea9m. Ch\u00fang t\u00f4i kh\u00f4ng ch\u1ecbu tr\u00e1ch nhi\u1ec7m \u0111\u1ed1i v\u1edbi nh\u1eefng tr\u01b0\u1eddng h\u1ee3p giao h\u00e0ng ch\u1eadm tr\u1ec5 hay th\u1ea5t l\u1ea1c v\u00ec c\u00e1c th\u00f4ng tin do Qu\u00fd kh\u00e1ch cung c\u1ea5p kh\u00f4ng ch\u00ednh x\u00e1c.<\/p>\n\n\n\n<p>Sau khi Qu\u00fd kh\u00e1ch \u0111\u1eb7t h\u00e0ng th\u00e0nh c\u00f4ng, \u0111\u1ed9i ng\u0169 ch\u0103m s\u00f3c kh\u00e1ch h\u00e0ng c\u1ee7a LASVON Clinical s\u1ebd ti\u1ebfn h\u00e0nh x\u00e1c minh th\u00f4ng tin \u0111\u01a1n h\u00e0ng qua s\u1ed1 \u0111i\u1ec7n tho\u1ea1i kh\u00e1ch h\u00e0ng \u0111\u00e3 \u0111\u0103ng k\u00fd \u0111\u1ed3ng th\u1eddi th\u1ed1ng nh\u1ea5t v\u1edbi kh\u00e1ch h\u00e0ng v\u1ec1 th\u1eddi gian v\u00e0 c\u00e1c th\u1ee7 t\u1ee5c giao h\u00e0ng c\u1ee5 th\u1ec3.<\/p>\n\n\n\n<h2 class=\"wp-block-heading\"><strong>2. H\u00ecnh th\u1ee9c thanh to\u00e1n<\/strong><\/h2>\n\n\n\n<p>LASVON Clinical ch\u1ea5p nh\u1eadn 2 h\u00ecnh th\u1ee9c thanh to\u00e1n:<\/p>\n\n\n\n<ul class=\"wp-block-list\">\n<li>Thanh to\u00e1n tr\u1ea3 tr\u01b0\u1edbc (Chuy\u1ec3n ti\u1ec1n theo t\u00e0i kho\u1ea3n quy \u0111\u1ecbnh c\u1ee7a LASVON Clinical ).<\/li>\n\n\n\n<li>Thanh to\u00e1n tr\u1ea3 sau khi nh\u1eadn \u0111\u01b0\u1ee3c h\u00e0ng (COD).<\/li>\n<\/ul>\n\n\n\n<h2 class=\"wp-block-heading\"><strong>3. Ki\u1ec3m tra t\u00ecnh tr\u1ea1ng \u0111\u01a1n h\u00e0ng<\/strong><\/h2>\n\n\n\n<p>\u0110\u1ec3 ki\u1ec3m tra t\u00ecnh tr\u1ea1ng \u0111\u01a1n h\u00e0ng, qu\u00fd kh\u00e1ch vui l\u00f2ng nh\u1eadp m\u00e3 \u0111\u01a1n h\u00e0ng trong m\u1ee5c tra c\u1ee9u \u0111\u01a1n h\u00e0ng tr\u00ean web ch\u00ednh th\u1ee9c c\u1ee7a LASVON Clinical ho\u1eb7c li\u00ean h\u1ec7 tr\u1ef1c ti\u1ebfp t\u1edbi hotline CSKH: 0942.045.679 \u0111\u1ec3 \u0111\u01b0\u1ee3c h\u1ed7 tr\u1ee3.<\/p>\n\n\n\n<h2 class=\"wp-block-heading\"><strong>4. Th\u1eddi gian giao h\u00e0ng<\/strong><\/h2>\n\n\n\n<p>LASVON Clinical giao h\u00e0ng tr\u00ean to\u00e0n qu\u1ed1c. \u0110\u1ed1i v\u1edbi khu v\u1ef1c n\u1ed9i th\u00e0nh H\u00e0 N\u1ed9i v\u00e0 H\u1ed3 Ch\u00ed Minh, th\u1eddi gian giao h\u00e0ng dao \u0111\u1ed9ng trong kho\u1ea3ng 1-2 ng\u00e0y l\u00e0m vi\u1ec7c, \u0111\u1ed1i v\u1edbi khu v\u1ef1c ngo\u1ea1i th\u00e0nh v\u00e0 c\u00e1c t\u1ec9nh, th\u1eddi gian trung b\u00ecnh nh\u1eadn h\u00e0ng dao \u0111\u1ed9ng t\u1eeb 3-5 ng\u00e0y.<\/p>\n\n\n\n<p><strong><em>L\u01b0u \u00fd:&nbsp;<\/em><\/strong><\/p>\n\n\n\n<ul class=\"wp-block-list\">\n<li>\u0110\u01a1n h\u00e0ng kh\u00f4ng \u0111\u1ed3ng ki\u1ec3m. \u0110\u1ec3 \u0111\u1ea3m b\u1ea3o quy\u1ec1n l\u1ee3i, LASVON Clinical khuy\u1ebfn kh\u00edch qu\u00fd kh\u00e1ch video clip khi m\u1edf h\u1ed9p h\u00e0ng \u0111\u1ec3 l\u00e0m b\u1eb1ng ch\u1ee9ng khi g\u1eb7p s\u1ef1 c\u1ed1 c\u1ea7n khi\u1ebfu n\u1ea1i. LASVON Clinical kh\u00f4ng gi\u1ea3i quy\u1ebft khi\u1ebfu n\u1ea1i n\u1ebfu qu\u00fd kh\u00e1ch kh\u00f4ng cung c\u1ea5p b\u1eb1ng ch\u1ee9ng l\u00e0 video clip li\u00ean quan \u0111\u1ebfn \u0111\u01a1n h\u00e0ng.<\/li>\n\n\n\n<li>Th\u1eddi gian giao h\u00e0ng \u0111\u01b0\u1ee3c t\u00ednh t\u1eeb l\u00fac LASVON Clinical ho\u00e0n t\u1ea5t vi\u1ec7c x\u00e1c nh\u1eadn \u0111\u01a1n h\u00e0ng \u0111\u1ebfn khi nh\u1eadn \u0111\u01b0\u1ee3c h\u00e0ng, kh\u00f4ng k\u1ec3 ng\u00e0y l\u1ec5 hay th\u1ee9 7 v\u00e0 ch\u1ee7 nh\u1eadt.<\/li>\n\n\n\n<li>Tr\u01b0\u1eddng h\u1ee3p kh\u00e1ch h\u00e0ng t\u1ea1i H\u00e0 N\u1ed9i v\u00e0 H\u1ed3 Ch\u00ed Minh c\u00f3 nhu c\u1ea7u nh\u1eadn h\u00e0ng h\u1ecfa t\u1ed1c, vui l\u00f2ng li\u00ean h\u1ec7 tr\u1ef1c ti\u1ebfp t\u1edbi hotline 0942.045.679 \u0111\u1ec3 \u0111\u01b0\u1ee3c h\u1ed7 tr\u1ee3.<\/li>\n<\/ul>\n\n\n\n<h2 class=\"wp-block-heading\"><strong>5. Chi ph\u00ed giao h\u00e0ng<\/strong><\/h2>\n\n\n\n<ul class=\"wp-block-list\">\n<li>C\u01b0\u1edbc v\u1eadn chuy\u1ec3n kh\u00e1ch ph\u1ea3i ch\u1ecbu giao \u0111\u1ed9ng t\u1eeb 20.000 vn\u0111 \u0111\u1ebfn 40.000 vn\u0111 t\u00f9y v\u00e0o t\u1eebng \u0110\u01a1n H\u00e0ng v\u00e0 v\u1ecb tr\u00ed \u0111\u1ecba l\u00fd c\u1ee7a kh\u00e1ch h\u00e0ng.<\/li>\n\n\n\n<li>Ph\u00ed v\u1eadn chuy\u1ec3n t\u00ednh tr\u00ean tr\u1ecdng l\u01b0\u1ee3ng h\u00e0ng h\u00f3a, h\u00ecnh th\u1ee9c chuy\u1ec3n ph\u00e1t nhanh hay th\u01b0\u1eddng v\u00e0 v\u1ecb tr\u00ed \u0111\u1ecba l\u00fd. B\u1edfi v\u1eady, m\u1ee9c chi ph\u00ed n\u00e0y ph\u1ee5 thu\u1ed9c v\u00e0o t\u1eebng \u0111i\u1ec1u ki\u1ec7n c\u1ee5 th\u1ec3. To\u00e0n b\u1ed9 chi ph\u00ed giao h\u00e0ng v\u00e0 c\u00e1c chi ph\u00ed ph\u00e1t sinh trong qu\u00e1 tr\u00ecnh v\u1eadn chuy\u1ec3n, LASVON Clinical s\u1ebd th\u1ecfa thu\u1eadn ri\u00eang v\u1edbi Qu\u00fd kh\u00e1ch h\u00e0ng. Qu\u00fd kh\u00e1ch mu\u1ed1n bi\u1ebft th\u00f4ng tin chi ti\u1ebft vui l\u00f2ng li\u00ean h\u1ec7 t\u1edbi hotline 0942.045.679.<\/li>\n<\/ul>\n\n\n\n<h2 class=\"wp-block-heading\"><strong>6. Tr\u01b0\u1eddng h\u1ee3p \u0111\u01a1n h\u00e0ng b\u1ecb h\u1ee7y<\/strong><\/h2>\n\n\n\n<p>N\u1ebfu Qu\u00fd kh\u00e1ch v\u1eafng m\u1eb7t \u1edf n\u01a1i giao h\u00e0ng ho\u1eb7c kh\u00f4ng th\u1ec3 li\u00ean h\u1ec7 \u0111\u1ec3 nh\u1eadn h\u00e0ng, \u0111\u01a1n h\u00e0ng c\u00f3 th\u1ec3 s\u1ebd b\u1ecb h\u1ee7y.<\/p>\n\n\n\n<p><strong><em>L\u01b0u \u00fd:<\/em><\/strong><\/p>\n\n\n\n<ul class=\"wp-block-list\">\n<li><em>C\u00e1c \u0111\u01a1n \u0111\u1eb7t h\u00e0ng trong ng\u00e0y Ch\u1ee7 Nh\u1eadt s\u1ebd \u0111\u01b0\u1ee3c b\u1eaft \u0111\u1ea7u giao h\u00e0ng t\u1eeb ng\u00e0y th\u1ee9 2 tu\u1ea7n k\u1ebf ti\u1ebfp.<\/em><\/li>\n\n\n\n<li><em>C\u00e1c \u0111\u01a1n \u0111\u1eb7t h\u00e0ng ngo\u00e0i gi\u1edd h\u00e0nh ch\u00ednh s\u1ebd t\u00ednh th\u1eddi gian b\u1eaft \u0111\u1ea7u t\u1eeb s\u00e1ng ng\u00e0y h\u00f4m sau.<\/em><\/li>\n\n\n\n<li><em>Trong tr\u01b0\u1eddng h\u1ee3p kh\u00e1ch h\u00e0ng trong n\u1ed9i th\u00e0nh H\u00e0 N\u1ed9i v\u00e0 H\u1ed3 Ch\u00ed Minh c\u1ea7n giao h\u00e0ng nhanh, ph\u00ed v\u1eadn chuy\u1ec3n s\u1ebd thay \u0111\u1ed5i t\u00f9y theo \u0111\u1ecba \u0111i\u1ec3m nh\u1eadn h\u00e0ng.<\/em><\/li>\n<\/ul>\n\n\n\n<p>Th\u1eddi gian v\u00e0 chi ph\u00ed giao h\u00e0ng ch\u1ec9 mang t\u00ednh ch\u1ea5t t\u01b0\u01a1ng \u0111\u1ed1i t\u00f9y theo t\u1eebng \u0111i\u1ec1u ki\u1ec7n v\u00e0 tr\u01b0\u1eddng h\u1ee3p c\u1ee5 th\u1ec3. Qu\u00fd kh\u00e1ch mu\u1ed1n bi\u1ebft th\u00eam th\u00f4ng tin vui l\u00f2ng li\u00ean h\u1ec7 tr\u1ef1c ti\u1ebfp v\u1edbi b\u1ed9 ph\u1eadn CSKH c\u1ee7a LASVON Clinical theo hotline&nbsp;0942.045.679.<\/p>\n","protected":false},"excerpt":{"rendered":"<p>Nh\u1eb1m \u0111\u00e1p \u1ee9ng nhu c\u1ea7u mua s\u1eafm tr\u1ef1c tuy\u1ebfn ng\u00e0y c\u00e0ng cao c\u1ee7a kh\u00e1ch h\u00e0ng, LASVON Clinical h\u00e2n h\u1ea1nh g\u1eedi t\u1edbi Qu\u00fd kh\u00e1ch h\u00e0ng ch\u00ednh s\u00e1ch v\u1eadn chuy\u1ec3n \u0111\u1ed1i v\u1edbi c\u00e1c kh\u00e1ch h\u00e0ng \u0111\u1eb7t mua tr\u1ef1c tuy\u1ebfn. V\u1edbi \u01b0u \u0111i\u1ec3m nhanh ch\u00f3ng v\u1ec1 th\u1ee7 t\u1ee5c, thu\u1eadn ti\u1ec7n v\u00e0 linh ho\u1ea1t trong kh\u00e2u v\u1eadn chuy\u1ec3n, ch\u00fang t\u00f4i hy v\u1ecdng s\u1ebd l\u00e0m\u2026<\/p>\n","protected":false},"author":1,"featured_media":0,"parent":0,"menu_order":0,"comment_status":"closed","ping_status":"closed","template":"","meta":{"footnotes":""},"class_list":["post-12","page","type-page","status-publish","hentry"],"_links":{"self":[{"href":"https:\/\/lasvon.vn\/index.php?rest_route=\/wp\/v2\/pages\/12","targetHints":{"allow":["GET"]}}],"collection":[{"href":"https:\/\/lasvon.vn\/index.php?rest_route=\/wp\/v2\/pages"}],"about":[{"href":"https:\/\/lasvon.vn\/index.php?rest_route=\/wp\/v2\/types\/page"}],"author":[{"embeddable":true,"href":"https:\/\/lasvon.vn\/index.php?rest_route=\/wp\/v2\/users\/1"}],"replies":[{"embeddable":true,"href":"https:\/\/lasvon.vn\/index.php?rest_route=%2Fwp%2Fv2%2Fcomments&post=12"}],"version-history":[{"count":1,"href":"https:\/\/lasvon.vn\/index.php?rest_route=\/wp\/v2\/pages\/12\/revisions"}],"predecessor-version":[{"id":4703,"href":"https:\/\/lasvon.vn\/index.php?rest_route=\/wp\/v2\/pages\/12\/revisions\/4703"}],"wp:attachment":[{"href":"https:\/\/lasvon.vn\/index.php?rest_route=%2Fwp%2Fv2%2Fmedia&parent=12"}],"curies":[{"name":"wp","href":"https:\/\/api.w.org\/{rel}","templated":true}]}}